{"id":1583,"date":"2016-05-09T13:35:04","date_gmt":"2016-05-09T17:35:04","guid":{"rendered":"https:\/\/culturesconnection.ca\/traducteur-professionnel\/"},"modified":"2023-08-08T09:43:04","modified_gmt":"2023-08-08T13:43:04","slug":"traducteur-professionnel","status":"publish","type":"page","link":"https:\/\/culturesconnection.ca\/fr\/traducteur-professionnel\/","title":{"rendered":"Traducteurs et interpr\u00e8tes professionnels | dans plus de 80 langues"},"content":{"rendered":"\n<h2 class=\"wp-block-heading\">Plus de 80 langues de travail<\/h2>\n\n\n\n<p><a href=\"https:\/\/culturesconnection.ca\/fr\/\" class=\"ek-link\">Cultures Connection<\/a> fournit des services professionnels de traduction et d&rsquo;interpr\u00e9tation dans plus de 80 langues, offrant un large \u00e9ventail de combinaisons linguistiques, m\u00eame avec des langues inhabituelles.<\/p>\n\n\n\n<figure class=\"wp-block-table\"><table><tbody><tr><td>ANGLAIS<\/td><td>N\u00c9ERLANDAIS<\/td><td>JAPONAIS<\/td><td>SU\u00c9DOIS<\/td><td>BOSNIAQUE<\/td><\/tr><tr><td>ESPAGNOL<\/td><td>TURC<\/td><td>COR\u00c9EN<\/td><td>DANOIS<\/td><td>HONGROIS<\/td><\/tr><tr><td>ALLEMAND<\/td><td>ARABE<\/td><td>OURDOU<\/td><td>NORV\u00c9GIEN<\/td><td>ROUMAIN<\/td><\/tr><tr><td>ITALIEN<\/td><td>RUSSE<\/td><td>GREC<\/td><td>POLONAIS<\/td><td>CROATE<\/td><\/tr><tr><td>PORTUGAIS<\/td><td>CHINOIS<\/td><td>FINNOIS<\/td><td>TCH\u00c8QUE<\/td><td>BULGARE<\/td><\/tr><\/tbody><\/table><\/figure>\n\n\n\n<p>Pour garantir \u00e0 nos clients un service de la plus haute qualit\u00e9, notre processus de recrutement ob\u00e9it \u00e0 des crit\u00e8res rigoureux. Nous n&rsquo;engageons que des traducteurs et des interpr\u00e8tes ayant un minimum de 5 ans d&rsquo;exp\u00e9rience dans le domaine, pratiquant exclusivement la traduction et l&rsquo;interpr\u00e9tation dans leur langue maternelle, conform\u00e9ment \u00e0 la r\u00e9glementation europ\u00e9enne en vigueur, et titulaires d&rsquo;un dipl\u00f4me ou d&rsquo;une formation dispens\u00e9e par des institutions de traduction ou d&rsquo;interpr\u00e9tation renomm\u00e9es.<\/p>\n\n\n\n<p>Cette approche m\u00e9ticuleuse permet \u00e0 nos chefs de projet de garantir la qualit\u00e9 et l&rsquo;exactitude des traductions et des interpr\u00e9tations que nous livrons \u00e0 nos clients.<\/p>\n\n\n\n<h2 class=\"wp-block-heading\">Des services de traduction et d&rsquo;interpr\u00e9tation sur mesure pour votre secteur d&rsquo;activit\u00e9<\/h2>\n\n\n\n<p>Cultures Connection fournit des services aux entreprises de divers secteurs pour leurs besoins en <a href=\"https:\/\/culturesconnection.ca\/fr\/services-de-traduction\/\" class=\"ek-link\">services de traduction<\/a> et <a href=\"https:\/\/culturesconnection.ca\/fr\/services-interpretation\/\" class=\"ek-link\">services d&rsquo;interpr\u00e9tation<\/a>.<\/p>\n\n\n\n<p><a href=\"https:\/\/culturesconnection.ca\/fr\/agence-traduction-montreal\/\" class=\"ek-link\">Pr\u00e9sente au Canada<\/a>, notre soci\u00e9t\u00e9 de traduction s&rsquo;enorgueillit d&rsquo;un r\u00e9seau mondial de plus de 740 traducteurs professionnels pr\u00eats \u00e0 vous soutenir dans vos efforts d&rsquo;internationalisation de la communication.<\/p>\n\n\n\n<p>Selon vos besoins, nos chefs de projet s&rsquo;engagent \u00e0 s\u00e9lectionner les linguistes les plus comp\u00e9tents dans votre secteur d&rsquo;activit\u00e9.<\/p>\n","protected":false},"excerpt":{"rendered":"<p>Plus de 80 langues de travail Cultures Connection fournit des services professionnels de traduction et d&rsquo;interpr\u00e9tation dans plus de 80 langues, offrant un large \u00e9ventail [&#8230;]<\/p>\n<p><a class=\"btn btn-secondary understrap-read-more-link\" href=\"https:\/\/culturesconnection.ca\/fr\/traducteur-professionnel\/\">Read More&#8230;<span class=\"screen-reader-text\"> from Traducteurs et interpr\u00e8tes professionnels | dans plus de 80 langues<\/span><\/a><\/p>\n","protected":false},"author":26,"featured_media":1584,"parent":0,"menu_order":0,"comment_status":"closed","ping_status":"closed","template":"","meta":{"_acf_changed":false,"_editorskit_title_hidden":false,"_editorskit_reading_time":1,"_editorskit_is_block_options_detached":false,"_editorskit_block_options_position":"{}","footnotes":""},"class_list":["post-1583","page","type-page","status-publish","has-post-thumbnail","hentry"],"acf":[],"_links":{"self":[{"href":"https:\/\/culturesconnection.ca\/fr\/wp-json\/wp\/v2\/pages\/1583","targetHints":{"allow":["GET"]}}],"collection":[{"href":"https:\/\/culturesconnection.ca\/fr\/wp-json\/wp\/v2\/pages"}],"about":[{"href":"https:\/\/culturesconnection.ca\/fr\/wp-json\/wp\/v2\/types\/page"}],"author":[{"embeddable":true,"href":"https:\/\/culturesconnection.ca\/fr\/wp-json\/wp\/v2\/users\/26"}],"replies":[{"embeddable":true,"href":"https:\/\/culturesconnection.ca\/fr\/wp-json\/wp\/v2\/comments?post=1583"}],"version-history":[{"count":0,"href":"https:\/\/culturesconnection.ca\/fr\/wp-json\/wp\/v2\/pages\/1583\/revisions"}],"wp:featuredmedia":[{"embeddable":true,"href":"https:\/\/culturesconnection.ca\/fr\/wp-json\/wp\/v2\/media\/1584"}],"wp:attachment":[{"href":"https:\/\/culturesconnection.ca\/fr\/wp-json\/wp\/v2\/media?parent=1583"}],"curies":[{"name":"wp","href":"https:\/\/api.w.org\/{rel}","templated":true}]}}