{"id":1694,"date":"2022-11-24T19:26:06","date_gmt":"2022-11-25T00:26:06","guid":{"rendered":"https:\/\/culturesconnection.ca\/agences-de-traduction\/"},"modified":"2023-08-06T16:48:49","modified_gmt":"2023-08-06T20:48:49","slug":"agences-de-traduction","status":"publish","type":"page","link":"https:\/\/culturesconnection.ca\/fr\/agences-de-traduction\/","title":{"rendered":"Nos agences de traduction"},"content":{"rendered":"\n<h2 class=\"wp-block-heading\">Nous disposons de bureaux de traduction dans le monde entier<\/h2>\n\n\n\n<p>Il n&rsquo;y a pas beaucoup de bureaux de traduction fiables pr\u00e8s de votre entreprise ? <a href=\"https:\/\/culturesconnection.ca\/fr\/\" class=\"ek-link\">Cultures Connection<\/a> est une soci\u00e9t\u00e9 de traduction internationale qui poss\u00e8de des bureaux aux \u00c9tats-Unis, en France, en Argentine et dans d&rsquo;autres pays.<\/p>\n\n\n\n<p>Comme nous sommes pr\u00e9sents sur diff\u00e9rents continents, nous sommes disponibles sur diff\u00e9rents fuseaux horaires afin de r\u00e9pondre le plus rapidement possible aux besoins de traduction de nos clients, o\u00f9 qu&rsquo;ils se trouvent.<\/p>\n\n\n\n<p>Si vous \u00eates \u00e0 la recherche d&rsquo;une <a href=\"https:\/\/culturesconnection.ca\/fr\/services-de-traduction\/\" class=\"ek-link\">traduction professionnelle<\/a>, Cultures Connection est votre solution. Nous travaillons dans diff\u00e9rents secteurs depuis plus de 10 ans avec des clients ayant des besoins et des budgets diff\u00e9rents.<\/p>\n\n\n\n<p>Si vous avez besoin de <a href=\"https:\/\/culturesconnection.ca\/fr\/services-interpretation\/\" class=\"ek-link\">services d&rsquo;interpr\u00e9tation<\/a>, nous les proposons \u00e9galement, apr\u00e8s avoir observ\u00e9 les besoins croissants de nos clients. Nous travaillons en interpr\u00e9tation de liaison, en interpr\u00e9tation simultan\u00e9e et de conf\u00e9rence, en interpr\u00e9tation cons\u00e9cutive. En outre, nous louons du mat\u00e9riel d&rsquo;interpr\u00e9tation tel que des casques, des microphones et des cabines.<\/p>\n\n\n\n<h2 class=\"wp-block-heading\">Travailler dans plus de 80 langues<\/h2>\n\n\n\n<p>Notre <a href=\"https:\/\/culturesconnection.ca\/fr\/traducteur-professionnel\/\" class=\"ek-link\">r\u00e9seau professionnel de traducteurs<\/a> dans une grande vari\u00e9t\u00e9 de langues garantit un travail de qualit\u00e9 pour vos traductions.<\/p>\n\n\n\n<ul class=\"wp-block-list\">\n<li>Services linguistiques de et vers les langues europ\u00e9ennes : anglais, italien, espagnol, allemand, n\u00e9erlandais, polonais, bulgare, tch\u00e8que, croate, danois, estonien, finnois, grec, hongrois, irlandais, letton, lituanien, maltais, roumain, slovaque, slov\u00e8ne et su\u00e9dois.<\/li>\n<\/ul>\n\n\n\n<ul class=\"wp-block-list\">\n<li>Services linguistiques depuis et vers le portugais du Br\u00e9sil, l&rsquo;espagnol de divers pays d&rsquo;Am\u00e9rique latine, l&rsquo;hindi, l&rsquo;arabe, le turc, l&rsquo;h\u00e9breu, l&rsquo;ukrainien, le russe, le japonais, le cor\u00e9en, le chinois, l&rsquo;ourdou, l&rsquo;indon\u00e9sien, le vietnamien\u2026 et bien d&rsquo;autres langues en Europe, en Asie et en Afrique !<\/li>\n<\/ul>\n\n\n\n<h2 class=\"wp-block-heading\">Connect\u00e9 \u00e0 tout moment et en tout lieu<\/h2>\n\n\n\n<p>Nos chefs de projet sont disponibles tout au long de la journ\u00e9e pour r\u00e9pondre \u00e0 vos besoins de traduction, m\u00eame les plus urgents.<\/p>\n\n\n\n<p>Par courriel, par t\u00e9l\u00e9phone, par appel vid\u00e9o ou en personne, nous aimons offrir un service personnalis\u00e9 afin que nos clients puissent nous faire part de leurs probl\u00e8mes et de leurs pr\u00e9occupations et les r\u00e9soudre le plus rapidement possible.<\/p>\n\n\n\n<div style=\"height:50px\" aria-hidden=\"true\" class=\"wp-block-spacer\"><\/div>\n\n\n\n<div class=\"wp-block-columns is-style-default is-layout-flex wp-container-core-columns-is-layout-9d6595d7 wp-block-columns-is-layout-flex\">\n<div class=\"wp-block-column is-layout-flow wp-block-column-is-layout-flow\">\n<div class=\"wp-block-group\"><div class=\"wp-block-group__inner-container is-layout-flow wp-block-group-is-layout-flow\">\n<div class=\"wp-block-group\"><div class=\"wp-block-group__inner-container is-layout-flow wp-block-group-is-layout-flow\">\n<h6 class=\"wp-block-heading\"><strong>Nos agences en France<\/strong><\/h6>\n\n\n\n<div style=\"height:10px\" aria-hidden=\"true\" class=\"wp-block-spacer\"><\/div>\n<\/div><\/div>\n\n\n\n<div class=\"wp-block-media-text is-stacked-on-mobile is-vertically-aligned-center has-media-on-the-top\"><figure class=\"wp-block-media-text__media\"><img decoding=\"async\" src=\"https:\/\/culturesconnection.ca\/wp-content\/uploads\/sites\/2\/2023\/05\/PARIS-cropped-small-q-1.jpg\" alt=\"\" class=\"wp-image-94005 size-full\"\/><\/figure><div class=\"wp-block-media-text__content\">\n<p><\/p>\n\n\n\n<p class=\"has-text-align-left\"><strong>T\u00e9l Paris :<\/strong> <a href=\"tel:+330185096706\" class=\"ek-link\">(+33) 01 85 09 67 06<\/a><br><strong>T\u00e9l Nice :<\/strong> <a href=\"tel:+330422138067\">(+33) 04 22 13 80 67<\/a><\/p>\n<\/div><\/div>\n<\/div><\/div>\n\n\n\n\n\n<div class=\"wp-block-group\"><div class=\"wp-block-group__inner-container is-layout-flow wp-block-group-is-layout-flow\">\n<div class=\"wp-block-group\"><div class=\"wp-block-group__inner-container is-layout-flow wp-block-group-is-layout-flow\">\n<h6 class=\"wp-block-heading\"><strong>Notre agence en Belgique<\/strong><\/h6>\n\n\n\n<div style=\"height:10px\" aria-hidden=\"true\" class=\"wp-block-spacer\"><\/div>\n<\/div><\/div>\n\n\n\n<div class=\"wp-block-media-text is-stacked-on-mobile is-vertically-aligned-center has-media-on-the-top\"><figure class=\"wp-block-media-text__media\"><img decoding=\"async\" src=\"https:\/\/culturesconnection.ca\/wp-content\/uploads\/sites\/2\/2023\/05\/BELGIUM-Cropped.jpg\" alt=\"\" class=\"wp-image-94041 size-full\"\/><\/figure><div class=\"wp-block-media-text__content\">\n<p><\/p>\n\n\n\n<p class=\"has-text-align-left\"><strong>T\u00e9l<\/strong> <strong>:<\/strong> <a href=\"tel:3223154373\" class=\"ek-link\">(+) 32 23 15 43 73<\/a><\/p>\n<\/div><\/div>\n<\/div><\/div>\n\n\n\n\n\n<div class=\"wp-block-group\"><div class=\"wp-block-group__inner-container is-layout-flow wp-block-group-is-layout-flow\">\n<div class=\"wp-block-group\"><div class=\"wp-block-group__inner-container is-layout-flow wp-block-group-is-layout-flow\">\n<h6 class=\"wp-block-heading\"><strong>Notre agence en Italie<\/strong><\/h6>\n\n\n\n<div style=\"height:10px\" aria-hidden=\"true\" class=\"wp-block-spacer\"><\/div>\n<\/div><\/div>\n\n\n\n<div class=\"wp-block-media-text is-stacked-on-mobile is-vertically-aligned-center has-media-on-the-top\"><figure class=\"wp-block-media-text__media\"><img decoding=\"async\" src=\"https:\/\/culturesconnection.ca\/wp-content\/uploads\/sites\/2\/2023\/05\/ITALY-Small-size.jpg\" alt=\"\" class=\"wp-image-94077 size-full\"\/><\/figure><div class=\"wp-block-media-text__content\">\n<p><\/p>\n\n\n\n<p class=\"has-text-align-left\"><strong>T\u00e9l<\/strong> <strong>:<\/strong> <a href=\"tel:390294757706\" class=\"ek-link\">(+39) 02 9475 7706<\/a><\/p>\n<\/div><\/div>\n<\/div><\/div>\n<\/div>\n\n\n\n<div class=\"wp-block-column is-layout-flow wp-block-column-is-layout-flow\">\n<div class=\"wp-block-group\"><div class=\"wp-block-group__inner-container is-layout-flow wp-block-group-is-layout-flow\">\n<h6 class=\"wp-block-heading\"><strong>Notre agence en Allemagne<\/strong><\/h6>\n\n\n\n<div style=\"height:10px\" aria-hidden=\"true\" class=\"wp-block-spacer\"><\/div>\n<\/div><\/div>\n\n\n\n<div class=\"wp-block-media-text is-stacked-on-mobile is-vertically-aligned-center has-media-on-the-top\"><figure class=\"wp-block-media-text__media\"><img decoding=\"async\" src=\"https:\/\/culturesconnection.ca\/wp-content\/uploads\/sites\/2\/2023\/05\/GERMANY-castle-Neuschwanstein-1.jpg\" alt=\"\" class=\"wp-image-94017 size-full\"\/><\/figure><div class=\"wp-block-media-text__content\">\n<p><\/p>\n\n\n\n<p class=\"has-text-align-left\"><strong>T\u00e9l<\/strong> <strong>:<\/strong> <a href=\"tel:08001811499\" class=\"ek-link\">0800 18 11&nbsp;499<\/a><\/p>\n\n\n\n<div style=\"height:24px\" aria-hidden=\"true\" class=\"wp-block-spacer\"><\/div>\n<\/div><\/div>\n\n\n\n\n\n<div class=\"wp-block-group\"><div class=\"wp-block-group__inner-container is-layout-flow wp-block-group-is-layout-flow\">\n<h6 class=\"wp-block-heading\"><strong>Notre agence en Espagne<\/strong><\/h6>\n\n\n\n<div style=\"height:10px\" aria-hidden=\"true\" class=\"wp-block-spacer\"><\/div>\n<\/div><\/div>\n\n\n\n<div class=\"wp-block-media-text is-stacked-on-mobile is-vertically-aligned-center has-media-on-the-top\"><figure class=\"wp-block-media-text__media\"><img decoding=\"async\" src=\"https:\/\/culturesconnection.ca\/wp-content\/uploads\/sites\/2\/2023\/05\/SPAIN-Cropped-Small-qual.jpg\" alt=\"\" class=\"wp-image-94053 size-full\"\/><\/figure><div class=\"wp-block-media-text__content\">\n<p><\/p>\n\n\n\n<p class=\"has-text-align-left\"><strong>T\u00e9l<\/strong> <strong>:<\/strong> <a href=\"tel:34912694697\" class=\"ek-link\">(+34) 912 69 46 97<\/a><\/p>\n<\/div><\/div>\n\n\n\n\n\n<div class=\"wp-block-group\"><div class=\"wp-block-group__inner-container is-layout-flow wp-block-group-is-layout-flow\">\n<div class=\"wp-block-group\"><div class=\"wp-block-group__inner-container is-layout-flow wp-block-group-is-layout-flow\">\n<h6 class=\"wp-block-heading\"><strong>Notre agence en Grande-Bretagne<\/strong><\/h6>\n\n\n\n<div style=\"height:10px\" aria-hidden=\"true\" class=\"wp-block-spacer\"><\/div>\n<\/div><\/div>\n\n\n\n<div class=\"wp-block-media-text is-stacked-on-mobile is-vertically-aligned-center has-media-on-the-top\"><figure class=\"wp-block-media-text__media\"><img decoding=\"async\" src=\"https:\/\/culturesconnection.ca\/wp-content\/uploads\/sites\/2\/2023\/05\/UK-CROPPED.jpg\" alt=\"\" class=\"wp-image-94089 size-full\"\/><\/figure><div class=\"wp-block-media-text__content\">\n<p><\/p>\n\n\n\n<p class=\"has-text-align-left\"><strong>T\u00e9l<\/strong> <strong>:<\/strong> <a href=\"tel:442034455872\" class=\"ek-link\">(+) 44 203 4455 872<\/a><\/p>\n<\/div><\/div>\n<\/div><\/div>\n<\/div>\n\n\n\n<div class=\"wp-block-column is-layout-flow wp-block-column-is-layout-flow\">\n<div class=\"wp-block-group\"><div class=\"wp-block-group__inner-container is-layout-flow wp-block-group-is-layout-flow\">\n<h6 class=\"wp-block-heading\"><strong>Notre agence en Argentine<\/strong><\/h6>\n\n\n\n<div style=\"height:10px\" aria-hidden=\"true\" class=\"wp-block-spacer\"><\/div>\n<\/div><\/div>\n\n\n\n<div class=\"wp-block-media-text is-stacked-on-mobile is-vertically-aligned-center has-media-on-the-top\"><figure class=\"wp-block-media-text__media\"><img decoding=\"async\" src=\"https:\/\/culturesconnection.ca\/wp-content\/uploads\/sites\/2\/2023\/05\/ARGENTINA-RE-CROPPED.jpg\" alt=\"\" class=\"wp-image-94029 size-full\"\/><\/figure><div class=\"wp-block-media-text__content\">\n<p><\/p>\n\n\n\n<p class=\"has-text-align-left\"><strong>T\u00e9l<\/strong> <strong>:<\/strong> <a href=\"tel:541159839428\" class=\"ek-link\">(+54 11) 5983 9428<\/a><\/p>\n\n\n\n<div style=\"height:24px\" aria-hidden=\"true\" class=\"wp-block-spacer\"><\/div>\n<\/div><\/div>\n\n\n\n\n\n<div class=\"wp-block-group\"><div class=\"wp-block-group__inner-container is-layout-flow wp-block-group-is-layout-flow\">\n<h6 class=\"wp-block-heading\"><strong>Notre agence aux \u00c9tats-Unis<\/strong><\/h6>\n\n\n\n<div style=\"height:10px\" aria-hidden=\"true\" class=\"wp-block-spacer\"><\/div>\n<\/div><\/div>\n\n\n\n<div class=\"wp-block-media-text is-stacked-on-mobile is-vertically-aligned-center has-media-on-the-top\"><figure class=\"wp-block-media-text__media\"><img decoding=\"async\" src=\"https:\/\/culturesconnection.ca\/wp-content\/uploads\/sites\/2\/2023\/05\/USA-2-Cropped.jpg\" alt=\"\" class=\"wp-image-94065 size-full\"\/><\/figure><div class=\"wp-block-media-text__content\">\n<p><\/p>\n\n\n\n<p class=\"has-text-align-left\"><strong>T\u00e9l<\/strong> <strong>:<\/strong> <a href=\"tel:0016467065355\" class=\"ek-link\">(+001) 646 706 5355<\/a><\/p>\n<\/div><\/div>\n\n\n\n\n\n<div class=\"wp-block-group\"><div class=\"wp-block-group__inner-container is-layout-flow wp-block-group-is-layout-flow\">\n<div class=\"wp-block-group\"><div class=\"wp-block-group__inner-container is-layout-flow wp-block-group-is-layout-flow\">\n<h6 class=\"wp-block-heading\"><strong>Notre agence en Suisse<\/strong><\/h6>\n\n\n\n<div style=\"height:10px\" aria-hidden=\"true\" class=\"wp-block-spacer\"><\/div>\n<\/div><\/div>\n\n\n\n<div class=\"wp-block-media-text is-stacked-on-mobile is-vertically-aligned-center has-media-on-the-top\"><figure class=\"wp-block-media-text__media\"><img decoding=\"async\" src=\"https:\/\/culturesconnection.ca\/wp-content\/uploads\/sites\/2\/2023\/05\/SWITZERLAND-Small-size.jpg\" alt=\"\" class=\"wp-image-94101 size-full\"\/><\/figure><div class=\"wp-block-media-text__content\">\n<p><\/p>\n\n\n\n<p class=\"has-text-align-left\"><strong>T\u00e9l<\/strong> <strong>:<\/strong> <a href=\"tel:410225196448\" class=\"ek-link\">(+41) 022 519 64 48<\/a><\/p>\n<\/div><\/div>\n<\/div><\/div>\n<\/div>\n<\/div>\n","protected":false},"excerpt":{"rendered":"<p>Nous disposons de bureaux de traduction dans le monde entier Il n&rsquo;y a pas beaucoup de bureaux de traduction fiables pr\u00e8s de votre entreprise ? [&#8230;]<\/p>\n<p><a class=\"btn btn-secondary understrap-read-more-link\" href=\"https:\/\/culturesconnection.ca\/fr\/agences-de-traduction\/\">Read More&#8230;<span class=\"screen-reader-text\"> from Nos agences de traduction<\/span><\/a><\/p>\n","protected":false},"author":66,"featured_media":0,"parent":0,"menu_order":0,"comment_status":"closed","ping_status":"closed","template":"","meta":{"_acf_changed":false,"_editorskit_title_hidden":false,"_editorskit_reading_time":2,"_editorskit_is_block_options_detached":false,"_editorskit_block_options_position":"{}","footnotes":""},"class_list":["post-1694","page","type-page","status-publish","hentry"],"acf":[],"_links":{"self":[{"href":"https:\/\/culturesconnection.ca\/fr\/wp-json\/wp\/v2\/pages\/1694","targetHints":{"allow":["GET"]}}],"collection":[{"href":"https:\/\/culturesconnection.ca\/fr\/wp-json\/wp\/v2\/pages"}],"about":[{"href":"https:\/\/culturesconnection.ca\/fr\/wp-json\/wp\/v2\/types\/page"}],"author":[{"embeddable":true,"href":"https:\/\/culturesconnection.ca\/fr\/wp-json\/wp\/v2\/users\/66"}],"replies":[{"embeddable":true,"href":"https:\/\/culturesconnection.ca\/fr\/wp-json\/wp\/v2\/comments?post=1694"}],"version-history":[{"count":0,"href":"https:\/\/culturesconnection.ca\/fr\/wp-json\/wp\/v2\/pages\/1694\/revisions"}],"wp:attachment":[{"href":"https:\/\/culturesconnection.ca\/fr\/wp-json\/wp\/v2\/media?parent=1694"}],"curies":[{"name":"wp","href":"https:\/\/api.w.org\/{rel}","templated":true}]}}