{"id":1881,"date":"2022-11-24T09:05:38","date_gmt":"2022-11-24T14:05:38","guid":{"rendered":"https:\/\/culturesconnection.ca\/devis-interpretation-2\/"},"modified":"2023-08-06T13:17:45","modified_gmt":"2023-08-06T17:17:45","slug":"soumission-interpretation-canada","status":"publish","type":"page","link":"https:\/\/culturesconnection.ca\/fr\/soumission-interpretation-canada\/","title":{"rendered":"Notre soumission gratuite de services d&rsquo;interpr\u00e9tation"},"content":{"rendered":"\n<h2 class=\"wp-block-heading\">Soumission d&rsquo;interpr\u00e9tation : Gratuite et sous 24 heures<\/h2>\n\n\n\n<p>Si vous avez besoin de services d\u2019interpr\u00e9tation professionnels, <a href=\"https:\/\/culturesconnection.ca\/fr\/\" class=\"ek-link\">Cultures Connection<\/a> est l\u00e0 pour vous aider. Nous proposons une gamme d\u2019options d\u2019interpr\u00e9tation et l\u2019obtention d\u2019une soumission est un processus simple.<\/p>\n\n\n\n<p>Que vous ayez besoin d\u2019une interpr\u00e9tation cons\u00e9cutive, d\u2019une interpr\u00e9tation simultan\u00e9e, d\u2019une interpr\u00e9tation de liaison ou de tout autre type de service d\u2019interpr\u00e9tation, notre \u00e9quipe est bien \u00e9quip\u00e9e pour r\u00e9pondre \u00e0 vos besoins. Nous proposons des solutions d\u2019interpr\u00e9tation sur place et \u00e0 distance.<\/p>\n\n\n\n<p>Chez Cultures Connection, nous comprenons l\u2019importance d\u2019une r\u00e9ponse rapide. C\u2019est pourquoi nos soumissions sont fournies le plus rapidement possible. Si vous avez une demande urgente, nous vous encourageons \u00e0 nous contacter au Canada et \u00e0 parler \u00e0 l\u2019un de nos chefs de projet exp\u00e9riment\u00e9s.<\/p>\n\n\n\n<h2 class=\"wp-block-heading\">Comprendre une soumission de services d\u2019interpr\u00e9tation<\/h2>\n\n\n\n<p>Lorsqu\u2019elle \u00e9tablit une soumission pour des services d\u2019interpr\u00e9tation, notre \u00e9quipe prend en compte plusieurs d\u00e9tails essentiels concernant l\u2019\u00e9v\u00e9nement, la r\u00e9union ou la session de formation pour lesquels des interpr\u00e8tes sont n\u00e9cessaires. Le prix du service sera d\u00e9termin\u00e9 par les facteurs suivants :<\/p>\n\n\n\n<ul class=\"wp-block-list\">\n<li>Le type de service d\u2019interpr\u00e9tation : Qu\u2019il s\u2019agisse d\u2019interpr\u00e9tation de conf\u00e9rence (interpr\u00e9tation simultan\u00e9e), d\u2019interpr\u00e9tation cons\u00e9cutive, d\u2019interpr\u00e9tation de liaison ou d\u2019interpr\u00e9tation chuchot\u00e9e.<\/li>\n\n\n\n<li>Le nombre d\u2019interpr\u00e8tes requis : Le nombre d\u2019interpr\u00e8tes varie en fonction du type de service d\u2019interpr\u00e9tation, de la dur\u00e9e de l\u2019\u00e9v\u00e9nement et du nombre de langues n\u00e9cessitant une traduction orale.<\/li>\n\n\n\n<li>L&rsquo;industrie ou domaine d\u2019activit\u00e9 : Certains secteurs d\u2019activit\u00e9 n\u00e9cessitent des connaissances sp\u00e9cialis\u00e9es et une expertise technique, comme les secteurs de la sant\u00e9 ou du droit.<\/li>\n\n\n\n<li>Les besoins en mat\u00e9riel d\u2019interpr\u00e9tation : Il peut s\u2019agir de microphones, de kits portables, de consoles audio ou de cabines, dont les quantit\u00e9s varient en fonction du nombre d\u2019orateurs et de participants.<\/li>\n\n\n\n<li>Les d\u00e9penses suppl\u00e9mentaires : Frais de d\u00e9placement, de repas, d\u2019h\u00e9bergement, d\u2019assurance et d\u2019enregistrement vid\u00e9o ou audio, le cas \u00e9ch\u00e9ant.<\/li>\n<\/ul>\n\n\n\n<p>Nous veillons \u00e0 ce que nos soumissions d\u2019interpr\u00e9tation correspondent pr\u00e9cis\u00e9ment aux exigences de votre projet. N\u2019h\u00e9sitez pas \u00e0 nous contacter d\u00e8s aujourd\u2019hui pour obtenir une soumission compl\u00e8te et transparente qui couvre toutes vos exigences en <a href=\"https:\/\/culturesconnection.ca\/fr\/services-interpretation\/\" class=\"ek-link\">mati\u00e8re d\u2019interpr\u00e9tation<\/a>.<\/p>\n","protected":false},"excerpt":{"rendered":"<p>Soumission d&rsquo;interpr\u00e9tation : Gratuite et sous 24 heures Si vous avez besoin de services d\u2019interpr\u00e9tation professionnels, Cultures Connection est l\u00e0 pour vous aider. Nous proposons [&#8230;]<\/p>\n<p><a class=\"btn btn-secondary understrap-read-more-link\" href=\"https:\/\/culturesconnection.ca\/fr\/soumission-interpretation-canada\/\">Read More&#8230;<span class=\"screen-reader-text\"> from Notre soumission gratuite de services d&rsquo;interpr\u00e9tation<\/span><\/a><\/p>\n","protected":false},"author":73,"featured_media":329,"parent":0,"menu_order":0,"comment_status":"closed","ping_status":"closed","template":"","meta":{"_acf_changed":false,"_editorskit_title_hidden":false,"_editorskit_reading_time":1,"_editorskit_is_block_options_detached":false,"_editorskit_block_options_position":"{}","footnotes":""},"class_list":["post-1881","page","type-page","status-publish","has-post-thumbnail","hentry"],"acf":[],"_links":{"self":[{"href":"https:\/\/culturesconnection.ca\/fr\/wp-json\/wp\/v2\/pages\/1881","targetHints":{"allow":["GET"]}}],"collection":[{"href":"https:\/\/culturesconnection.ca\/fr\/wp-json\/wp\/v2\/pages"}],"about":[{"href":"https:\/\/culturesconnection.ca\/fr\/wp-json\/wp\/v2\/types\/page"}],"author":[{"embeddable":true,"href":"https:\/\/culturesconnection.ca\/fr\/wp-json\/wp\/v2\/users\/73"}],"replies":[{"embeddable":true,"href":"https:\/\/culturesconnection.ca\/fr\/wp-json\/wp\/v2\/comments?post=1881"}],"version-history":[{"count":0,"href":"https:\/\/culturesconnection.ca\/fr\/wp-json\/wp\/v2\/pages\/1881\/revisions"}],"wp:featuredmedia":[{"embeddable":true,"href":"https:\/\/culturesconnection.ca\/fr\/wp-json\/wp\/v2\/media\/329"}],"wp:attachment":[{"href":"https:\/\/culturesconnection.ca\/fr\/wp-json\/wp\/v2\/media?parent=1881"}],"curies":[{"name":"wp","href":"https:\/\/api.w.org\/{rel}","templated":true}]}}