{"id":1882,"date":"2015-11-23T16:11:29","date_gmt":"2015-11-23T21:11:29","guid":{"rendered":"https:\/\/culturesconnection.ca\/services-de-traduction\/"},"modified":"2023-08-08T09:30:58","modified_gmt":"2023-08-08T13:30:58","slug":"services-de-traduction","status":"publish","type":"page","link":"https:\/\/culturesconnection.ca\/fr\/services-de-traduction\/","title":{"rendered":"Nos services de traduction professionnelle"},"content":{"rendered":"\n<h2 class=\"wp-block-heading\">Des services de traduction de qualit\u00e9 garantis<\/h2>\n\n\n\n<p>Votre entreprise a besoin de services de traduction professionnels ? <a href=\"https:\/\/culturesconnection.ca\/fr\/\" class=\"ek-link\">Cultures Connection<\/a> est l\u00e0 pour soutenir votre entreprise dans son expansion internationale.<\/p>\n\n\n\n<p>Nous proposons une large gamme de services de traduction adapt\u00e9s \u00e0 votre secteur d&rsquo;activit\u00e9, en veillant \u00e0 ce que tous vos besoins en mati\u00e8re de traduction soient satisfaits. Nous fournissons des traductions pr\u00e9cises de l&rsquo;anglais vers de nombreuses langues, ainsi que de plusieurs langues vers l&rsquo;anglais.<\/p>\n\n\n\n<p>Notre <a href=\"https:\/\/culturesconnection.ca\/fr\/agence-traduction-montreal\/\" class=\"ek-link\">pr\u00e9sence au Canada<\/a> nous permet de r\u00e9pondre rapidement \u00e0 vos demandes. Cultures Connection vous fournira sa meilleure soumission. Nous sommes disponibles plus de 18 heures par jour. N&rsquo;h\u00e9sitez pas \u00e0 nous contacter !<\/p>\n\n\n\n<h2 class=\"wp-block-heading\">Des traductions exceptionnelles par des professionnels d&rsquo;exception<\/h2>\n\n\n\n<p>Au sein de notre soci\u00e9t\u00e9 de traduction, la qualit\u00e9 du travail fourni \u00e0 nos clients est notre priorit\u00e9 absolue. Nous nous engageons \u00e0 fournir le meilleur service et \u00e0 assurer la satisfaction de nos clients avec les documents traduits que nous livrons.<\/p>\n\n\n\n<p>Nos traducteurs sont soigneusement s\u00e9lectionn\u00e9s en fonction de leurs qualifications et de leur exp\u00e9rience professionnelle. Lorsqu&rsquo;une entreprise a besoin de la traduction certifi\u00e9e d&rsquo;un document juridique, nous collaborons avec des traducteurs agr\u00e9\u00e9s. Tous nos traducteurs traduisent exclusivement vers leur langue maternelle, en respectant les normes de qualit\u00e9 ISO pour les services de traduction. Ils utilisent \u00e9galement des logiciels de traduction pour traiter rapidement et efficacement de gros volumes de traduction.<\/p>\n\n\n\n<p>Chez Cultures Connection, un chef de projet supervise chaque projet, assurant ainsi une coordination parfaite \u00e0 chaque \u00e9tape. Les traductions sont soumises \u00e0 un processus complet de r\u00e9vision pour garantir leur exactitude, de relecture pour v\u00e9rifier l&rsquo;orthographe et la grammaire, et de contr\u00f4le de la qualit\u00e9 selon l&rsquo;option choisie par le client.<\/p>\n\n\n\n<p>Avec nous, vous trouverez le service de traduction id\u00e9al ! Nous proposons nos services de traduction en quatre formules sp\u00e9cialement con\u00e7ues pour r\u00e9pondre aux besoins de votre entreprise :<\/p>\n\n\n\n<p>Basic : Traduction rapide et \u00e9conomique adapt\u00e9e aux documents informatifs \u00e0 usage interne.<br>Standard : Traduction \u00e9conomique et rapide pour des volumes importants de documents, de rapports ou de litt\u00e9rature d&rsquo;entreprise.<br>Professionnel : id\u00e9al pour les documents commerciaux et les traductions marketing, o\u00f9 la qualit\u00e9 est primordiale.<br>Premium : Traduction professionnelle et services de r\u00e9vision pour des documents sp\u00e9cialis\u00e9s (techniques, financiers ou scientifiques) destin\u00e9s \u00e0 un large public.<br>Notre \u00e9quipe peut vous aider \u00e0 choisir le service qui convient le mieux \u00e0 votre secteur d&rsquo;activit\u00e9 ou au contenu de votre document.<\/p>\n\n\n\n<h2 class=\"wp-block-heading\">Des services de traduction dans tous les domaines<\/h2>\n\n\n\n<p>Ce qui nous distingue, c&rsquo;est notre expertise dans la gestion de projets de traduction dans divers secteurs et dans la r\u00e9alisation de traductions sp\u00e9cialis\u00e9es dans les domaines technique, audiovisuel, m\u00e9dical, juridique, financier, etc.<\/p>\n\n\n\n<p>Gr\u00e2ce \u00e0 notre r\u00e9seau en constante expansion de <a href=\"https:\/\/culturesconnection.ca\/fr\/traducteur-professionnel\/\" class=\"ek-link\">plus de 740 traducteurs professionnels<\/a> dans le monde entier, nous sommes en mesure de vous accompagner sur la voie du d\u00e9veloppement international.<\/p>\n\n\n\n<p>En tant que soci\u00e9t\u00e9 de traduction, notre mission consiste \u00e0 trouver le traducteur id\u00e9al pour vos traductions sp\u00e9cialis\u00e9es, et ce dans les plus brefs d\u00e9lais. N\u2019h\u00e9sitez pas \u00e0 nous contacter d\u00e8s aujourd\u2019hui pour en savoir plus sur nos services de traduction !<\/p>\n","protected":false},"excerpt":{"rendered":"<p>Des services de traduction de qualit\u00e9 garantis Votre entreprise a besoin de services de traduction professionnels ? Cultures Connection est l\u00e0 pour soutenir votre entreprise [&#8230;]<\/p>\n<p><a class=\"btn btn-secondary understrap-read-more-link\" href=\"https:\/\/culturesconnection.ca\/fr\/services-de-traduction\/\">Read More&#8230;<span class=\"screen-reader-text\"> from Nos services de traduction professionnelle<\/span><\/a><\/p>\n","protected":false},"author":26,"featured_media":592,"parent":0,"menu_order":0,"comment_status":"closed","ping_status":"closed","template":"","meta":{"_acf_changed":false,"_editorskit_title_hidden":false,"_editorskit_reading_time":2,"_editorskit_is_block_options_detached":false,"_editorskit_block_options_position":"{}","footnotes":""},"class_list":["post-1882","page","type-page","status-publish","has-post-thumbnail","hentry"],"acf":[],"_links":{"self":[{"href":"https:\/\/culturesconnection.ca\/fr\/wp-json\/wp\/v2\/pages\/1882","targetHints":{"allow":["GET"]}}],"collection":[{"href":"https:\/\/culturesconnection.ca\/fr\/wp-json\/wp\/v2\/pages"}],"about":[{"href":"https:\/\/culturesconnection.ca\/fr\/wp-json\/wp\/v2\/types\/page"}],"author":[{"embeddable":true,"href":"https:\/\/culturesconnection.ca\/fr\/wp-json\/wp\/v2\/users\/26"}],"replies":[{"embeddable":true,"href":"https:\/\/culturesconnection.ca\/fr\/wp-json\/wp\/v2\/comments?post=1882"}],"version-history":[{"count":0,"href":"https:\/\/culturesconnection.ca\/fr\/wp-json\/wp\/v2\/pages\/1882\/revisions"}],"wp:featuredmedia":[{"embeddable":true,"href":"https:\/\/culturesconnection.ca\/fr\/wp-json\/wp\/v2\/media\/592"}],"wp:attachment":[{"href":"https:\/\/culturesconnection.ca\/fr\/wp-json\/wp\/v2\/media?parent=1882"}],"curies":[{"name":"wp","href":"https:\/\/api.w.org\/{rel}","templated":true}]}}