{"id":2003,"date":"2022-11-24T13:08:09","date_gmt":"2022-11-24T18:08:09","guid":{"rendered":"https:\/\/culturesconnection.ca\/interpretation\/"},"modified":"2023-07-14T11:14:46","modified_gmt":"2023-07-14T15:14:46","slug":"services-interpretation","status":"publish","type":"page","link":"https:\/\/culturesconnection.ca\/fr\/services-interpretation\/","title":{"rendered":"Nos services d&rsquo;interpr\u00e9tation professionnels"},"content":{"rendered":"\n<h2 class=\"wp-block-heading\">Services d&rsquo;interpr\u00e9tation linguistique<\/h2>\n\n\n\n<p>Lorsque les participants \u00e0 des conf\u00e9rences, des congr\u00e8s, des colloques ou des r\u00e9unions d&rsquo;affaires parlent des langues diff\u00e9rentes, une communication efficace peut rapidement devenir un d\u00e9fi. Chez <a href=\"https:\/\/culturesconnection.ca\/fr\/\" class=\"ek-link\">Cultures Connection,<\/a> nous proposons des services d&rsquo;interpr\u00e9tation professionnels pour garantir une compr\u00e9hension sans faille entre tous les participants.<\/p>\n\n\n\n<p>Notre agence d&rsquo;interpr\u00e9tation dispose d&rsquo;un vaste r\u00e9seau d&rsquo;interpr\u00e8tes hautement qualifi\u00e9s et fiables. Ils sont soigneusement s\u00e9lectionn\u00e9s en fonction de leurs comp\u00e9tences et de leur professionnalisme. Nous fournissons des services d&rsquo;interpr\u00e9tation <a href=\"https:\/\/culturesconnection.ca\/fr\/traducteur-professionnel\/\" class=\"ek-link\">dans environ 80 langues<\/a>. Au lieu de vous fier \u00e0 un coll\u00e8gue pr\u00e9tendument \u00ab\u00a0bilingue\u00a0\u00bb pour transmettre vos messages dans une langue \u00e9trang\u00e8re, rappelez-vous que le succ\u00e8s de votre r\u00e9union d\u00e9pend en partie de la qualit\u00e9 de votre interpr\u00e8te de conf\u00e9rence.<\/p>\n\n\n\n<p>Ce m\u00e9tier exigeant requiert une expertise et ne laisse pas de place \u00e0 l&rsquo;improvisation.<\/p>\n\n\n\n<p>Nous proposons des services d&rsquo;interpr\u00e9tation linguistique adapt\u00e9s aux besoins et exigences sp\u00e9cifiques de nos clients. De plus, nous proposons la location de mat\u00e9riel de traduction (\u00e9couteurs, microphones, cabines d&rsquo;interpr\u00e9tation) ainsi que l&rsquo;intervention d&rsquo;un technicien sp\u00e9cialis\u00e9 pour l&rsquo;installation.<\/p>\n\n\n\n<h2 class=\"wp-block-heading\">Interpr\u00e9tation cons\u00e9cutive, de liaison ou de conf\u00e9rence ?<\/h2>\n\n\n\n<p>Vous organisez une conf\u00e9rence \u00e0 Montr\u00e9al ou \u00e0 Toronto et vous avez besoin d&rsquo;un interpr\u00e8te ? Un groupe d&rsquo;industriels europ\u00e9ens souhaite visiter vos magasins ? Vous avez une r\u00e9union importante avec des clients chinois ? En fonction de l&rsquo;\u00e9v\u00e9nement, du lieu, du temps disponible et du nombre de participants, nous proposons diff\u00e9rents services d&rsquo;interpr\u00e9tation :<\/p>\n\n\n\n<p><a href=\"https:\/\/culturesconnection.ca\/fr\/services-interpretation-consecutive\/\" class=\"ek-link\"><strong>Interpr\u00e9tation cons\u00e9cutive <\/strong>:<\/a> Nos interpr\u00e8tes cons\u00e9cutifs qualifi\u00e9s excellent \u00e0 faciliter la communication lors de conversations individuelles, de discussions en petits groupes, d&rsquo;entretiens ou de r\u00e9unions d&rsquo;affaires. Ils poss\u00e8dent des comp\u00e9tences linguistiques exceptionnelles et sont capables d&rsquo;\u00e9couter l&rsquo;orateur, de saisir le message voulu et de fournir des interpr\u00e9tations pr\u00e9cises avec exactitude et clart\u00e9.<\/p>\n\n\n\n<p><strong><a href=\"https:\/\/culturesconnection.ca\/fr\/services-interpretation-liaison\/\" class=\"ek-link\">Interpr\u00e9tation de liaison :<\/a><\/strong> Elle est couramment utilis\u00e9e dans des contextes plus informels, lors de discussions en petits groupes ou d&rsquo;interactions individuelles. L&rsquo;interpr\u00e8te facilite la communication entre deux personnes ou deux petits groupes parlant des langues diff\u00e9rentes. Avec cette technique, les interventions de l&rsquo;orateur sont traduites \u00e0 intervalles r\u00e9guliers.<\/p>\n\n\n\n<p><strong><a href=\"https:\/\/culturesconnection.ca\/fr\/services-interpretation-simultanee\/\" class=\"ek-link\">Interpr\u00e9tation simultan\u00e9e :<\/a><\/strong> Pour les grandes conf\u00e9rences, les \u00e9v\u00e9nements internationaux ou les pr\u00e9sentations multilingues, nos interpr\u00e8tes simultan\u00e9s exp\u00e9riment\u00e9s assurent une communication fluide en temps r\u00e9el. Ils travaillent dans des cabines insonoris\u00e9es, \u00e9coutent l&rsquo;orateur \u00e0 l&rsquo;aide d&rsquo;\u00e9couteurs et fournissent des interpr\u00e9tations simultan\u00e9es d&rsquo;une rapidit\u00e9 et d&rsquo;une pr\u00e9cision remarquables. Cela permet aux participants de divers horizons linguistiques de suivre les d\u00e9bats en toute transparence.<\/p>\n\n\n\n<p>En outre, nous fournissons du mat\u00e9riel de location pour la traduction, tel que des \u00e9couteurs, des microphones, des cabines d&rsquo;interpr\u00e9tation, ainsi qu&rsquo;un technicien sp\u00e9cialis\u00e9 pour l&rsquo;installation.<\/p>\n\n\n\n<p>Cultures Connection propose des services d&rsquo;interpr\u00e9tation linguistique adapt\u00e9s aux besoins et exigences sp\u00e9cifiques de ses clients.<\/p>\n","protected":false},"excerpt":{"rendered":"<p>Services d&rsquo;interpr\u00e9tation linguistique Lorsque les participants \u00e0 des conf\u00e9rences, des congr\u00e8s, des colloques ou des r\u00e9unions d&rsquo;affaires parlent des langues diff\u00e9rentes, une communication efficace peut [&#8230;]<\/p>\n<p><a class=\"btn btn-secondary understrap-read-more-link\" href=\"https:\/\/culturesconnection.ca\/fr\/services-interpretation\/\">Read More&#8230;<span class=\"screen-reader-text\"> from Nos services d&rsquo;interpr\u00e9tation professionnels<\/span><\/a><\/p>\n","protected":false},"author":26,"featured_media":2268,"parent":0,"menu_order":0,"comment_status":"closed","ping_status":"closed","template":"","meta":{"_acf_changed":false,"_editorskit_title_hidden":false,"_editorskit_reading_time":2,"_editorskit_is_block_options_detached":false,"_editorskit_block_options_position":"{}","footnotes":""},"class_list":["post-2003","page","type-page","status-publish","has-post-thumbnail","hentry"],"acf":[],"_links":{"self":[{"href":"https:\/\/culturesconnection.ca\/fr\/wp-json\/wp\/v2\/pages\/2003","targetHints":{"allow":["GET"]}}],"collection":[{"href":"https:\/\/culturesconnection.ca\/fr\/wp-json\/wp\/v2\/pages"}],"about":[{"href":"https:\/\/culturesconnection.ca\/fr\/wp-json\/wp\/v2\/types\/page"}],"author":[{"embeddable":true,"href":"https:\/\/culturesconnection.ca\/fr\/wp-json\/wp\/v2\/users\/26"}],"replies":[{"embeddable":true,"href":"https:\/\/culturesconnection.ca\/fr\/wp-json\/wp\/v2\/comments?post=2003"}],"version-history":[{"count":0,"href":"https:\/\/culturesconnection.ca\/fr\/wp-json\/wp\/v2\/pages\/2003\/revisions"}],"wp:featuredmedia":[{"embeddable":true,"href":"https:\/\/culturesconnection.ca\/fr\/wp-json\/wp\/v2\/media\/2268"}],"wp:attachment":[{"href":"https:\/\/culturesconnection.ca\/fr\/wp-json\/wp\/v2\/media?parent=2003"}],"curies":[{"name":"wp","href":"https:\/\/api.w.org\/{rel}","templated":true}]}}