{"id":4671,"date":"2013-06-16T01:52:04","date_gmt":"2013-06-16T05:52:04","guid":{"rendered":"https:\/\/culturesconnection.ca\/traduction-financiere\/"},"modified":"2024-11-19T07:27:48","modified_gmt":"2024-11-19T12:27:48","slug":"services-traduction-financiere","status":"publish","type":"page","link":"https:\/\/culturesconnection.ca\/fr\/services-traduction-financiere\/","title":{"rendered":"Nos services de traduction financi\u00e8re"},"content":{"rendered":"\n<h2 class=\"wp-block-heading\">Traduction financi\u00e8re : L&rsquo;exactitude est l&rsquo;objectif principal<\/h2>\n\n\n\n<p>Une traduction financi\u00e8re pr\u00e9cise est cruciale pour les principaux acteurs du secteur, notamment les banques, les compagnies d&rsquo;assurance, les fonds d&rsquo;investissement, les interm\u00e9diaires financiers, les cabinets comptables et les entreprises mondiales. La croissance du secteur de la fintech, avec ses technologies num\u00e9riques, a augment\u00e9 la demande de traduction multilingue des services financiers en ligne.<\/p>\n\n\n\n<p>La traduction de documents financiers n\u00e9cessite des connaissances approfondies, une terminologie pr\u00e9cise et une compr\u00e9hension approfondie du sujet. L&rsquo;expertise de professionnels rompus \u00e0 la complexit\u00e9 des documents financiers est essentielle pour garantir la qualit\u00e9 optimale des projets de traduction. Les erreurs de traduction des informations financi\u00e8res peuvent induire les lecteurs en erreur et avoir un impact significatif sur leur processus de prise de d\u00e9cision.<\/p>\n\n\n\n<p>Chez <a href=\"https:\/\/culturesconnection.ca\/fr\/\" class=\"ek-link\">Cultures Connection<\/a>, nous sommes conscients des cons\u00e9quences d\u00e9sastreuses que peuvent avoir des traductions inexactes. C&rsquo;est pourquoi nous s\u00e9lectionnons avec soin des traducteurs professionnels sp\u00e9cialis\u00e9s dans la traduction financi\u00e8re, en fonction de leurs qualifications et de leur exp\u00e9rience, afin de garantir une <a href=\"https:\/\/culturesconnection.ca\/fr\/services-de-traduction\/\" class=\"ek-link\">traduction professionnelle<\/a> de qualit\u00e9 sup\u00e9rieure.<\/p>\n\n\n\n<h2 class=\"wp-block-heading\">La difficult\u00e9 de la terminologie financi\u00e8re<\/h2>\n\n\n\n<p>Bilans et autres \u00e9tats financiers, rapports de fonds, \u00e9tudes de march\u00e9 et documents de gestion des risques et des actifs, rapports d&rsquo;audit, listes de contr\u00f4le de diligence raisonnable et textes de fusion et d&rsquo;acquisition. Ce sont l\u00e0 quelques-uns des documents que nos traducteurs financiers et boursiers qualifi\u00e9s ont l&rsquo;habitude de traduire dans plusieurs langues.<\/p>\n\n\n\n<p>Les documents financiers peuvent varier consid\u00e9rablement, et la terminologie financi\u00e8re sp\u00e9cifique impliqu\u00e9e peut \u00eatre difficile \u00e0 comprendre. Il est essentiel de faire appel \u00e0 des <a href=\"https:\/\/culturesconnection.ca\/fr\/traducteur-professionnel\/\" class=\"ek-link\">professionnels sp\u00e9cialis\u00e9s<\/a> pour fournir un service de haute qualit\u00e9. Notre soci\u00e9t\u00e9 de traduction dispose d&rsquo;un vaste r\u00e9seau de traducteurs professionnels, tous soigneusement s\u00e9lectionn\u00e9s en fonction de leurs qualifications et de leur exp\u00e9rience.<\/p>\n\n\n\n<p>Si vous avez des doutes sur la qualit\u00e9 d&rsquo;un document traduit en interne et que vous avez besoin d&rsquo;une r\u00e9vision ou m\u00eame d&rsquo;une seconde traduction, Cultures Connection peut vous aider. Outre les traductions, nous proposons \u00e9galement des services de r\u00e9vision et de relecture.<\/p>\n\n\n\n<h2 class=\"wp-block-heading\">Traduction de documents d&rsquo;assurance : un domaine connexe<\/h2>\n\n\n\n<p>Cultures Connection est sp\u00e9cialis\u00e9e dans la fourniture de services de traduction adapt\u00e9s au secteur de l&rsquo;assurance, qu&rsquo;il s&rsquo;agisse de textes de transactions financi\u00e8res, de polices d&rsquo;assurance, d&rsquo;assurance des march\u00e9s financiers ou de mat\u00e9riel de marketing et de publicit\u00e9. Des traductions pr\u00e9cises sont essentielles dans ce domaine, car elles peuvent avoir un impact non seulement sur votre capacit\u00e9 \u00e0 attirer de nouveaux clients, mais aussi sur votre couverture. Une traduction incorrecte des documents relatifs \u00e0 la couverture des clients peut entra\u00eener des pertes financi\u00e8res importantes. Les textes relatifs \u00e0 l&rsquo;assurance englobent divers aspects, notamment des informations juridiques, financi\u00e8res, m\u00e9dicales et d&rsquo;autres informations tr\u00e8s sp\u00e9cifiques.<\/p>\n\n\n\n<p>Lorsque vous avez besoin de traductions bancaires ou financi\u00e8res de ou vers l&rsquo;anglais canadien, il est essentiel de faire appel aux services d&rsquo;une soci\u00e9t\u00e9 de traduction professionnelle. Une telle soci\u00e9t\u00e9 peut vous apporter son expertise non seulement dans le domaine financier, mais aussi dans les domaines juridique, commercial ou marketing sp\u00e9cifiques \u00e0 votre secteur d&rsquo;activit\u00e9 et avec des termes locaux. Notre \u00e9quipe internationale est pr\u00eate \u00e0 vous fournir les solutions linguistiques dont vous avez besoin. N&rsquo;h\u00e9sitez pas \u00e0 nous contacter d\u00e8s aujourd&rsquo;hui !<\/p>\n","protected":false},"excerpt":{"rendered":"<p>Traduction financi\u00e8re : L&rsquo;exactitude est l&rsquo;objectif principal Une traduction financi\u00e8re pr\u00e9cise est cruciale pour les principaux acteurs du secteur, notamment les banques, les compagnies d&rsquo;assurance, [&#8230;]<\/p>\n<p><a class=\"btn btn-secondary understrap-read-more-link\" href=\"https:\/\/culturesconnection.ca\/fr\/services-traduction-financiere\/\">Read More&#8230;<span class=\"screen-reader-text\"> from Nos services de traduction financi\u00e8re<\/span><\/a><\/p>\n","protected":false},"author":2,"featured_media":4804,"parent":0,"menu_order":0,"comment_status":"closed","ping_status":"closed","template":"","meta":{"_acf_changed":false,"_editorskit_title_hidden":false,"_editorskit_reading_time":2,"_editorskit_is_block_options_detached":false,"_editorskit_block_options_position":"{}","footnotes":""},"class_list":["post-4671","page","type-page","status-publish","has-post-thumbnail","hentry"],"acf":[],"_links":{"self":[{"href":"https:\/\/culturesconnection.ca\/fr\/wp-json\/wp\/v2\/pages\/4671","targetHints":{"allow":["GET"]}}],"collection":[{"href":"https:\/\/culturesconnection.ca\/fr\/wp-json\/wp\/v2\/pages"}],"about":[{"href":"https:\/\/culturesconnection.ca\/fr\/wp-json\/wp\/v2\/types\/page"}],"author":[{"embeddable":true,"href":"https:\/\/culturesconnection.ca\/fr\/wp-json\/wp\/v2\/users\/2"}],"replies":[{"embeddable":true,"href":"https:\/\/culturesconnection.ca\/fr\/wp-json\/wp\/v2\/comments?post=4671"}],"version-history":[{"count":0,"href":"https:\/\/culturesconnection.ca\/fr\/wp-json\/wp\/v2\/pages\/4671\/revisions"}],"wp:featuredmedia":[{"embeddable":true,"href":"https:\/\/culturesconnection.ca\/fr\/wp-json\/wp\/v2\/media\/4804"}],"wp:attachment":[{"href":"https:\/\/culturesconnection.ca\/fr\/wp-json\/wp\/v2\/media?parent=4671"}],"curies":[{"name":"wp","href":"https:\/\/api.w.org\/{rel}","templated":true}]}}