{"id":4816,"date":"2013-06-16T02:20:20","date_gmt":"2013-06-16T06:20:20","guid":{"rendered":"https:\/\/culturesconnection.ca\/traduction-commerciale\/"},"modified":"2024-11-19T07:28:33","modified_gmt":"2024-11-19T12:28:33","slug":"services-traduction-commerciale","status":"publish","type":"page","link":"https:\/\/culturesconnection.ca\/fr\/services-traduction-commerciale\/","title":{"rendered":"Nos services de traduction commerciale"},"content":{"rendered":"\n<h2 class=\"wp-block-heading\">Traduction commerciale : D\u00e9bloquer la croissance mondiale<\/h2>\n\n\n\n<p>Alors que le paysage commercial continue de se mondialiser, une traduction et une localisation efficaces sont essentielles pour les entreprises qui cherchent \u00e0 op\u00e9rer \u00e0 l&rsquo;\u00e9chelle internationale. L&rsquo;ouverture sur le monde, avec ses divers march\u00e9s et clients potentiels, n\u00e9cessite l&rsquo;adoption d&rsquo;une solide strat\u00e9gie de localisation et de marketing pour vendre efficacement des produits ou des services. Les cultures d&rsquo;entreprise varient d&rsquo;un pays \u00e0 l&rsquo;autre en termes de pratiques standard, d&rsquo;attentes professionnelles, de gestion de projet, de consid\u00e9rations juridiques, de contenu de site web, d&rsquo;\u00e9tiquette et de styles de r\u00e9daction de documents.<\/p>\n\n\n\n<p>C&rsquo;est pourquoi notre \u00e9quipe de traducteurs et de relecteurs commerciaux au Canada poss\u00e8de une connaissance approfondie des cultures d&rsquo;entreprise des pays sources des documents \u00e0 traduire, ainsi que des pays o\u00f9 les documents traduits seront lus.<\/p>\n\n\n\n<p><a href=\"https:\/\/culturesconnection.ca\/fr\/\" class=\"ek-link\">Cultures Connection<\/a> a \u00e9tabli des relations d&rsquo;affaires durables avec de nombreux clients ayant des besoins de traduction r\u00e9currents, tels que des entreprises du secteur financier et bancaire, des cabinets d&rsquo;avocats, des entreprises manufacturi\u00e8res, des h\u00f4pitaux et des soci\u00e9t\u00e9s pharmaceutiques.<\/p>\n\n\n\n<h2 class=\"wp-block-heading\">Renforcer la confiance gr\u00e2ce \u00e0 la traduction commerciale<\/h2>\n\n\n\n<p>Pourquoi la traduction est-elle importante pour les entreprises ? Un plan d&rsquo;affaires solide est essentiel pour obtenir des financements, trouver des partenaires et attirer des investisseurs. En somme, votre strat\u00e9gie commerciale est vitale pour le succ\u00e8s futur de votre entreprise. Comment allez-vous communiquer avec de nouveaux partenaires commerciaux et promouvoir votre entreprise aupr\u00e8s de clients potentiels qui parlent espagnol, allemand ou japonais ? M\u00eame si ces investisseurs et cadres internationaux ont une certaine ma\u00eetrise de l&rsquo;anglais, ne gagnerez-vous pas plus facilement leurs faveurs et leur confiance en leur fournissant des documents commerciaux traduits dans leur langue maternelle ?<\/p>\n\n\n\n<p>En choisissant les <a href=\"https:\/\/culturesconnection.ca\/fr\/services-de-traduction\/\" class=\"ek-link\">services linguistiques<\/a> sur mesure de Cultures Connection pour soutenir le d\u00e9veloppement international de votre entreprise, vous pouvez vous attendre \u00e0 des services de traduction de premier ordre.<\/p>\n\n\n\n<h2 class=\"wp-block-heading\">Des traducteurs professionnels \u00e0 votre service<\/h2>\n\n\n\n<p>Nos <a href=\"https:\/\/culturesconnection.ca\/fr\/traducteur-professionnel\/\" class=\"ek-link\">traducteurs sp\u00e9cialis\u00e9s<\/a> dans la traduction commerciale et marketing sont dipl\u00f4m\u00e9s d&rsquo;\u00e9coles de traduction ou d&rsquo;\u00e9coles de commerce renomm\u00e9es. Ces linguistes sont soigneusement s\u00e9lectionn\u00e9s en fonction de leur formation et de leur exp\u00e9rience en mati\u00e8re de traduction et de localisation dans le domaine des affaires. Nous disposons de traducteurs professionnels hautement qualifi\u00e9s pour diff\u00e9rentes paires de langues qui sont disponibles pour traduire des documents d&rsquo;entreprise, m\u00eame dans des d\u00e9lais serr\u00e9s.<\/p>\n\n\n\n<p>Notre r\u00e9seau de traducteurs couvre un large \u00e9ventail de langues en Am\u00e9rique, en Europe, en Asie et en Afrique. Nous fournissons des traductions pr\u00e9cises, y compris des traductions certifi\u00e9es, pour divers documents d&rsquo;entreprise :<\/p>\n\n\n\n<ul class=\"wp-block-list\">\n<li>D\u00e9pliants et brochures<\/li>\n\n\n\n<li>Cartes de visite<\/li>\n\n\n\n<li>Campagnes publicitaires en ligne<\/li>\n\n\n\n<li>Communiqu\u00e9s de presse<\/li>\n\n\n\n<li>Sites web, produits logiciels, applications et documentation d&rsquo;assistance<\/li>\n\n\n\n<li>Pr\u00e9sentations<\/li>\n\n\n\n<li>Accords, contrats et documents juridiques certifi\u00e9s<\/li>\n\n\n\n<li>Catalogues<\/li>\n\n\n\n<li>\u00c9tudes de march\u00e9 et plans d&rsquo;entreprise<\/li>\n\n\n\n<li>Contenu marketing, lettres d&rsquo;information et publicit\u00e9 en ligne<\/li>\n\n\n\n<li>Livres blancs, et plus encore\u2026<\/li>\n<\/ul>\n\n\n\n<p>Que votre entreprise ait besoin de traductions \u00e9crites ou d&rsquo;interpr\u00e9tations pour des r\u00e9unions d&rsquo;affaires et des n\u00e9gociations contractuelles, n&rsquo;h\u00e9sitez pas \u00e0 contacter notre agence de traduction pour d\u00e9couvrir nos solutions linguistiques !<\/p>\n","protected":false},"excerpt":{"rendered":"<p>Traduction commerciale : D\u00e9bloquer la croissance mondiale Alors que le paysage commercial continue de se mondialiser, une traduction et une localisation efficaces sont essentielles pour [&#8230;]<\/p>\n<p><a class=\"btn btn-secondary understrap-read-more-link\" href=\"https:\/\/culturesconnection.ca\/fr\/services-traduction-commerciale\/\">Read More&#8230;<span class=\"screen-reader-text\"> from Nos services de traduction commerciale<\/span><\/a><\/p>\n","protected":false},"author":2,"featured_media":4889,"parent":0,"menu_order":0,"comment_status":"closed","ping_status":"closed","template":"","meta":{"_acf_changed":false,"_editorskit_title_hidden":false,"_editorskit_reading_time":2,"_editorskit_is_block_options_detached":false,"_editorskit_block_options_position":"{}","footnotes":""},"class_list":["post-4816","page","type-page","status-publish","has-post-thumbnail","hentry"],"acf":[],"_links":{"self":[{"href":"https:\/\/culturesconnection.ca\/fr\/wp-json\/wp\/v2\/pages\/4816","targetHints":{"allow":["GET"]}}],"collection":[{"href":"https:\/\/culturesconnection.ca\/fr\/wp-json\/wp\/v2\/pages"}],"about":[{"href":"https:\/\/culturesconnection.ca\/fr\/wp-json\/wp\/v2\/types\/page"}],"author":[{"embeddable":true,"href":"https:\/\/culturesconnection.ca\/fr\/wp-json\/wp\/v2\/users\/2"}],"replies":[{"embeddable":true,"href":"https:\/\/culturesconnection.ca\/fr\/wp-json\/wp\/v2\/comments?post=4816"}],"version-history":[{"count":0,"href":"https:\/\/culturesconnection.ca\/fr\/wp-json\/wp\/v2\/pages\/4816\/revisions"}],"wp:featuredmedia":[{"embeddable":true,"href":"https:\/\/culturesconnection.ca\/fr\/wp-json\/wp\/v2\/media\/4889"}],"wp:attachment":[{"href":"https:\/\/culturesconnection.ca\/fr\/wp-json\/wp\/v2\/media?parent=4816"}],"curies":[{"name":"wp","href":"https:\/\/api.w.org\/{rel}","templated":true}]}}