{"id":5842,"date":"2013-06-16T03:24:20","date_gmt":"2013-06-16T07:24:20","guid":{"rendered":"https:\/\/culturesconnection.ca\/traduction-site-internet\/"},"modified":"2023-07-14T11:07:54","modified_gmt":"2023-07-14T15:07:54","slug":"services-traduction-sites-web","status":"publish","type":"page","link":"https:\/\/culturesconnection.ca\/fr\/services-traduction-sites-web\/","title":{"rendered":"Nos services de traduction de sites web"},"content":{"rendered":"\n<h2 class=\"wp-block-heading\">Traduction de sites web : Une question de visibilit\u00e9 mondiale<\/h2>\n\n\n\n<p>La traduction d&rsquo;un site web est essentielle \u00e0 l&rsquo;expansion de votre entreprise sur les march\u00e9s internationaux et \u00e0 l&rsquo;augmentation de vos ventes \u00e0 l&rsquo;\u00e9tranger. Bien que l&rsquo;anglais soit consid\u00e9r\u00e9 comme une langue mondiale, il est important de noter que les internautes effectuent principalement leurs recherches sur le web dans leur langue maternelle. Par cons\u00e9quent, si vous souhaitez vous adresser \u00e0 des publics \u00e9trangers, le contenu de votre site web doit \u00eatre disponible dans d&rsquo;autres langues.<\/p>\n\n\n\n<p>Si vous op\u00e9rez principalement en ligne, la traduction de votre site web est une \u00e9tape cruciale pour fournir des informations claires et attrayantes sur tous les services et produits que vous proposez. En outre, d&rsquo;autres facteurs cl\u00e9s tels que la localisation professionnelle et l&rsquo;optimisation pour les moteurs de recherche doivent \u00eatre pris en compte pour assurer le succ\u00e8s de votre site web.<\/p>\n\n\n\n<p><a href=\"https:\/\/culturesconnection.ca\/fr\/\" class=\"ek-link\">Cultures Connection<\/a> est l\u00e0 pour vous aider avec la localisation et d&rsquo;autres services linguistiques.<\/p>\n\n\n\n<h2 class=\"wp-block-heading\">\u00c9viter les erreurs culturelles lors de la localisation d&rsquo;un site web<\/h2>\n\n\n\n<p>Le co\u00fbt de la traduction d&rsquo;un site web vaut l&rsquo;investissement car il attire des clients potentiels vers votre site web.<\/p>\n\n\n\n<p>Internet a rendu le marketing international plus accessible, vous permettant d&rsquo;atteindre de nouveaux march\u00e9s comme s&rsquo;ils \u00e9taient juste \u00e0 c\u00f4t\u00e9 de chez vous. Toutefois, les diff\u00e9rences culturelles peuvent entra\u00eener des malentendus et entraver une communication efficace. Pour r\u00e9ussir dans le commerce en ligne, il est essentiel de faire traduire son site web avec pr\u00e9cision et en tenant compte des diff\u00e9rences culturelles par des traducteurs professionnels ou une \u00e9quipe multilingue.<\/p>\n\n\n\n<p>La traduction de sites et de pages web est un art que certaines entreprises sous-estiment. On trouve sur l&rsquo;internet de nombreux exemples d&rsquo;erreurs de traduction, souvent dues \u00e0 des traductions automatiques non contr\u00f4l\u00e9es. Il est surprenant de voir que m\u00eame des organisations multinationales ont des sites web contenant des erreurs co\u00fbteuses en termes de r\u00e9putation et de revenus.<\/p>\n\n\n\n<p>Contactez Cultures Connection pour vos <a href=\"https:\/\/culturesconnection.ca\/fr\/services-de-traduction\/\" class=\"ek-link\">projets de traduction<\/a> car nous proposons une large gamme de langues et de services. Notre \u00e9quipe peut vous fournir un devis rapide et pr\u00e9cis.<\/p>\n\n\n\n<h2 class=\"wp-block-heading\">Nos services de traduction de sites internet<\/h2>\n\n\n\n<p>Cultures Connection est votre partenaire id\u00e9al pour le commerce international.<\/p>\n\n\n\n<p>Nous sommes sp\u00e9cialis\u00e9s dans les services de traduction de contenu web, y compris les sites de commerce \u00e9lectronique, les applications mobiles, la fintech et les plateformes commerciales. Nous fournissons \u00e9galement des traductions de documents et de fiches produits dans divers secteurs d&rsquo;activit\u00e9 tels que le tourisme, le luxe, la beaut\u00e9, le sport, l&rsquo;\u00e9conomie, la finance, la sant\u00e9, la cuisine, la chimie, etc.<\/p>\n\n\n\n<p>En plus de la traduction de pages web, nos services comprennent la r\u00e9daction de contenu pour les sites web optimis\u00e9s pour les moteurs de recherche (r\u00e9daction SEO). Enfin, notre plateforme clients est une excellente ressource pour vous aider \u00e0 chaque fois que vous avez besoin d&rsquo;une traduction ou d&rsquo;autres services linguistiques.<\/p>\n\n\n\n<p>Notre <a href=\"https:\/\/culturesconnection.ca\/fr\/traducteur-professionnel\/\" class=\"ek-link\">\u00e9quipe de traducteurs et de localisateurs humains<\/a> peut traduire votre site web directement en MS Word (.docx) ou dans le code source (.htm(l), .php, .asp, .xml, java\u2026) si vous avez besoin de la nouvelle version de votre site web en ligne rapidement.<\/p>\n","protected":false},"excerpt":{"rendered":"<p>Traduction de sites web : Une question de visibilit\u00e9 mondiale La traduction d&rsquo;un site web est essentielle \u00e0 l&rsquo;expansion de votre entreprise sur les march\u00e9s [&#8230;]<\/p>\n<p><a class=\"btn btn-secondary understrap-read-more-link\" href=\"https:\/\/culturesconnection.ca\/fr\/services-traduction-sites-web\/\">Read More&#8230;<span class=\"screen-reader-text\"> from Nos services de traduction de sites web<\/span><\/a><\/p>\n","protected":false},"author":2,"featured_media":6216,"parent":0,"menu_order":0,"comment_status":"closed","ping_status":"closed","template":"","meta":{"_acf_changed":false,"_editorskit_title_hidden":false,"_editorskit_reading_time":2,"_editorskit_is_block_options_detached":false,"_editorskit_block_options_position":"{}","footnotes":""},"class_list":["post-5842","page","type-page","status-publish","has-post-thumbnail","hentry"],"acf":[],"_links":{"self":[{"href":"https:\/\/culturesconnection.ca\/fr\/wp-json\/wp\/v2\/pages\/5842","targetHints":{"allow":["GET"]}}],"collection":[{"href":"https:\/\/culturesconnection.ca\/fr\/wp-json\/wp\/v2\/pages"}],"about":[{"href":"https:\/\/culturesconnection.ca\/fr\/wp-json\/wp\/v2\/types\/page"}],"author":[{"embeddable":true,"href":"https:\/\/culturesconnection.ca\/fr\/wp-json\/wp\/v2\/users\/2"}],"replies":[{"embeddable":true,"href":"https:\/\/culturesconnection.ca\/fr\/wp-json\/wp\/v2\/comments?post=5842"}],"version-history":[{"count":0,"href":"https:\/\/culturesconnection.ca\/fr\/wp-json\/wp\/v2\/pages\/5842\/revisions"}],"wp:featuredmedia":[{"embeddable":true,"href":"https:\/\/culturesconnection.ca\/fr\/wp-json\/wp\/v2\/media\/6216"}],"wp:attachment":[{"href":"https:\/\/culturesconnection.ca\/fr\/wp-json\/wp\/v2\/media?parent=5842"}],"curies":[{"name":"wp","href":"https:\/\/api.w.org\/{rel}","templated":true}]}}