{"id":5975,"date":"2013-06-16T02:23:40","date_gmt":"2013-06-16T06:23:40","guid":{"rendered":"https:\/\/culturesconnection.ca\/traduction-marketing\/"},"modified":"2023-07-14T10:55:51","modified_gmt":"2023-07-14T14:55:51","slug":"services-traduction-marketing","status":"publish","type":"page","link":"https:\/\/culturesconnection.ca\/fr\/services-traduction-marketing\/","title":{"rendered":"Nos services de traduction marketing"},"content":{"rendered":"\n<h2 class=\"wp-block-heading\">Des experts sur les astuces de la traduction marketing<\/h2>\n\n\n\n<p>Une traduction marketing efficace requiert une combinaison de comp\u00e9tences linguistiques, d&rsquo;expertise en traduction et de connaissances commerciales. Chez <a href=\"https:\/\/culturesconnection.ca\/fr\/\" class=\"ek-link\">Cultures Connection<\/a>, nous comprenons l&rsquo;impact significatif que les erreurs de traduction peuvent avoir sur l&rsquo;image et la marque d&rsquo;une entreprise. C&rsquo;est pourquoi notre soci\u00e9t\u00e9 de traduction marketing travaille exclusivement avec des <a href=\"https:\/\/culturesconnection.ca\/fr\/traducteur-professionnel\/\" class=\"ek-link\">traducteurs professionnels<\/a> qui poss\u00e8dent une expertise dans les domaines de la communication, du marketing et de la publicit\u00e9. Notre \u00e9quipe qualifi\u00e9e comprend les nuances de la publicit\u00e9 et peut fournir des traductions de haute qualit\u00e9 pour atteindre efficacement un public mondial par le biais de projets de marketing localis\u00e9s.<\/p>\n\n\n\n<p>Avec des ann\u00e9es d&rsquo;exp\u00e9rience dans le monde de l&rsquo;entreprise, nous avons l&rsquo;expertise n\u00e9cessaire pour vous aider \u00e0 choisir les bons mots pour commercialiser et faire la publicit\u00e9 de votre marque dans plusieurs langues. Les informations sur vos produits seront vues et consomm\u00e9es par divers groupes sociaux et clients, d&rsquo;o\u00f9 la n\u00e9cessit\u00e9 d&rsquo;une traduction pr\u00e9cise par des professionnels exp\u00e9riment\u00e9s. Nous pouvons fournir \u00e0 votre entreprise un contenu num\u00e9rique et des documents multilingues de premier ordre, afin d&rsquo;aider votre entreprise internationale \u00e0 prosp\u00e9rer. Partagez vos strat\u00e9gies marketing dans votre pays et nous vous aiderons \u00e0 les mettre en \u0153uvre dans d&rsquo;autres pays.<\/p>\n\n\n\n<h2 class=\"wp-block-heading\">La traduction marketing comme nouveau contenu de marque<\/h2>\n\n\n\n<p>Lorsqu&rsquo;il s&rsquo;agit de traductions marketing, nous pensons que le terme \u00ab\u00a0traduction publicitaire\u00a0\u00bb ne repr\u00e9sente pas fid\u00e8lement le travail effectu\u00e9 par les traducteurs marketing professionnels. Dans le domaine de la publicit\u00e9 en langue \u00e9trang\u00e8re, nous ne nous contentons pas de traduire ; nous cr\u00e9ons des textes publicitaires adapt\u00e9s aux besoins de nos clients, \u00e0 leurs produits ou services et \u00e0 leur public cible. La traduction est en fait un nouveau contenu de marque.<\/p>\n\n\n\n<p>La formulation de nos textes publicitaires en langues \u00e9trang\u00e8res peut diff\u00e9rer sensiblement d&rsquo;une simple traduction du texte original. Cette personnalisation est pr\u00e9cis\u00e9ment ce dont vous avez besoin pour vos clients. Nos documents sont soigneusement localis\u00e9s pour trouver un \u00e9cho aupr\u00e8s de votre march\u00e9 cible. Pour \u00e9viter les erreurs critiques dans la traduction d&rsquo;un texte publicitaire, il faut tenir compte des subtilit\u00e9s locales.<\/p>\n\n\n\n<p>Votre message est essentiel \u00e0 votre succ\u00e8s, et chez Cultures Connection, votre succ\u00e8s est notre priorit\u00e9 absolue.<\/p>\n\n\n\n<h2 class=\"wp-block-heading\">Une grande vari\u00e9t\u00e9 de services de localisation marketing<\/h2>\n\n\n\n<p>Faites l&rsquo;exp\u00e9rience de nos services professionnels de traduction marketing ! Nous excellons dans la traduction de divers documents marketing, notamment les brochures, les prospectus, les scripts marketing et publicitaires, les sites Web, les slogans, les logos, les pr\u00e9sentations d&rsquo;entreprise, les annonces de nouveaux produits, les communiqu\u00e9s de presse, les livres \u00e9lectroniques, etc.<\/p>\n\n\n\n<p>Nous comprenons que les documents marketing visent \u00e0 captiver le public et \u00e0 stimuler les ventes \u00e0 l&rsquo;\u00e9chelle mondiale. Nos traducteurs sp\u00e9cialis\u00e9s dans le marketing ne se contentent pas de transmettre le contenu du document source avec pr\u00e9cision dans n&rsquo;importe quelle langue, ils veillent \u00e9galement \u00e0 ce que le message marketing soit transmis efficacement. Outre la traduction, nous proposons des services de cr\u00e9ation de contenu web et de traduction SEO pour votre site web, les m\u00e9dias sociaux et les annonces Google. Contactez-nous pour d\u00e9couvrir la gamme compl\u00e8te de nos <a href=\"https:\/\/culturesconnection.ca\/fr\/services-de-traduction\/\" class=\"ek-link\">services de traduction professionnelle<\/a> !<\/p>\n","protected":false},"excerpt":{"rendered":"<p>Des experts sur les astuces de la traduction marketing Une traduction marketing efficace requiert une combinaison de comp\u00e9tences linguistiques, d&rsquo;expertise en traduction et de connaissances [&#8230;]<\/p>\n<p><a class=\"btn btn-secondary understrap-read-more-link\" href=\"https:\/\/culturesconnection.ca\/fr\/services-traduction-marketing\/\">Read More&#8230;<span class=\"screen-reader-text\"> from Nos services de traduction marketing<\/span><\/a><\/p>\n","protected":false},"author":2,"featured_media":6096,"parent":0,"menu_order":0,"comment_status":"closed","ping_status":"closed","template":"","meta":{"_acf_changed":false,"_editorskit_title_hidden":false,"_editorskit_reading_time":2,"_editorskit_is_block_options_detached":false,"_editorskit_block_options_position":"{}","footnotes":""},"class_list":["post-5975","page","type-page","status-publish","has-post-thumbnail","hentry"],"acf":[],"_links":{"self":[{"href":"https:\/\/culturesconnection.ca\/fr\/wp-json\/wp\/v2\/pages\/5975","targetHints":{"allow":["GET"]}}],"collection":[{"href":"https:\/\/culturesconnection.ca\/fr\/wp-json\/wp\/v2\/pages"}],"about":[{"href":"https:\/\/culturesconnection.ca\/fr\/wp-json\/wp\/v2\/types\/page"}],"author":[{"embeddable":true,"href":"https:\/\/culturesconnection.ca\/fr\/wp-json\/wp\/v2\/users\/2"}],"replies":[{"embeddable":true,"href":"https:\/\/culturesconnection.ca\/fr\/wp-json\/wp\/v2\/comments?post=5975"}],"version-history":[{"count":0,"href":"https:\/\/culturesconnection.ca\/fr\/wp-json\/wp\/v2\/pages\/5975\/revisions"}],"wp:featuredmedia":[{"embeddable":true,"href":"https:\/\/culturesconnection.ca\/fr\/wp-json\/wp\/v2\/media\/6096"}],"wp:attachment":[{"href":"https:\/\/culturesconnection.ca\/fr\/wp-json\/wp\/v2\/media?parent=5975"}],"curies":[{"name":"wp","href":"https:\/\/api.w.org\/{rel}","templated":true}]}}