{"id":6403,"date":"2016-03-23T16:00:42","date_gmt":"2016-03-23T20:00:42","guid":{"rendered":"https:\/\/culturesconnection.ca\/interpretation-consecutive\/"},"modified":"2023-07-14T11:16:06","modified_gmt":"2023-07-14T15:16:06","slug":"services-interpretation-consecutive","status":"publish","type":"page","link":"https:\/\/culturesconnection.ca\/fr\/services-interpretation-consecutive\/","title":{"rendered":"Nos services d&rsquo;interpr\u00e9tation cons\u00e9cutive"},"content":{"rendered":"\n<h2 class=\"wp-block-heading\">L&rsquo;interpr\u00e9tation cons\u00e9cutive : Simple et efficace<\/h2>\n\n\n\n<p>L&rsquo;interpr\u00e9tation cons\u00e9cutive occupe une place de choix dans le domaine des <a href=\"https:\/\/culturesconnection.ca\/fr\/services-interpretation\/\" class=\"ek-link\">services d&rsquo;interpr\u00e9tation professionnelle<\/a>.<\/p>\n\n\n\n<p>Il s&rsquo;agit d&rsquo;une forme d&rsquo;interpr\u00e9tation polyvalente qui peut \u00eatre utilis\u00e9e dans diff\u00e9rents contextes, formels ou informels. L&rsquo;interpr\u00e9tation cons\u00e9cutive est couramment utilis\u00e9e dans des contextes vari\u00e9s tels que les r\u00e9unions d&rsquo;affaires, les n\u00e9gociations, les conf\u00e9rences, les s\u00e9minaires, les rencontres diplomatiques et d&rsquo;autres \u00e9v\u00e9nements interactifs. Elle est bien adapt\u00e9e aux situations o\u00f9 le nombre de participants est faible ou mod\u00e9r\u00e9 et o\u00f9 la communication directe et personnelle est essentielle.<\/p>\n\n\n\n<p>L&rsquo;interpr\u00e9tation cons\u00e9cutive se caract\u00e9rise par une approche simple et d\u00e9tendue. L&rsquo;interpr\u00e8te prend des notes pendant le discours, ce qui lui permet de reproduire fid\u00e8lement et pr\u00e9cis\u00e9ment tout ou partie du contenu dans la langue cible. Un stylo et un bloc-notes sont les principaux outils utilis\u00e9s, ce qui \u00e9vite d&rsquo;avoir recours \u00e0 un \u00e9quipement complexe.<\/p>\n\n\n\n<p>Contrairement \u00e0 l&rsquo;interpr\u00e9tation simultan\u00e9e, l&rsquo;interpr\u00e9tation cons\u00e9cutive ne n\u00e9cessite pas d&rsquo;\u00e9quipement sophistiqu\u00e9, ce qui la rend adapt\u00e9e \u00e0 un large \u00e9ventail d&rsquo;occasions telles que les banquets, les r\u00e9ceptions, les inaugurations, les visites guid\u00e9es, les voyages d&rsquo;affaires, les visites de diplomates ou de c\u00e9l\u00e9brit\u00e9s, les tables rondes de n\u00e9gociation et les voyages de motivation.<\/p>\n\n\n\n<h2 class=\"wp-block-heading\">Leaders en mati\u00e8re de services d&rsquo;interpr\u00e9tation cons\u00e9cutive<\/h2>\n\n\n\n<p>Pendant l&rsquo;interpr\u00e9tation cons\u00e9cutive, l&rsquo;interpr\u00e8te \u00e9coute activement l&rsquo;orateur et prend des notes afin de garantir une restitution pr\u00e9cise et fid\u00e8le du message. Une fois que l&rsquo;orateur a termin\u00e9 son intervention, l&rsquo;interpr\u00e8te transmet l&rsquo;interpr\u00e9tation au public dans la langue cible.<\/p>\n\n\n\n<p>Il est essentiel de collaborer avec des interpr\u00e8tes professionnels, dipl\u00f4m\u00e9s et dot\u00e9s d&rsquo;une grande exp\u00e9rience dans le domaine. C&rsquo;est la raison pour laquelle <a href=\"https:\/\/culturesconnection.ca\/fr\/\" class=\"ek-link\">Cultures Connection<\/a> fournit des services d&rsquo;interpr\u00e9tation cons\u00e9cutive professionnelle avec des interpr\u00e8tes qualifi\u00e9s qui poss\u00e8dent les comp\u00e9tences linguistiques, les connaissances culturelles et l&rsquo;exp\u00e9rience n\u00e9cessaires pour assurer une communication fluide et efficace entre les groupes linguistiques.<\/p>\n\n\n\n<p>Nous collaborons avec des interpr\u00e8tes professionnels dipl\u00f4m\u00e9s et dot\u00e9s d&rsquo;une grande exp\u00e9rience dans le domaine. Avec <a href=\"https:\/\/culturesconnection.ca\/fr\/traducteur-professionnel\/\" class=\"ek-link\">une couverture de pr\u00e8s de 80 langues<\/a>, nous sommes votre fournisseur de confiance de services d&rsquo;interpr\u00e9tation au Canada et dans le monde entier.<\/p>\n\n\n\n<p>Quelle que soit votre situation g\u00e9ographique, nous sommes l\u00e0 pour faciliter une communication efficace en plusieurs langues.<\/p>\n","protected":false},"excerpt":{"rendered":"<p>L&rsquo;interpr\u00e9tation cons\u00e9cutive : Simple et efficace L&rsquo;interpr\u00e9tation cons\u00e9cutive occupe une place de choix dans le domaine des services d&rsquo;interpr\u00e9tation professionnelle. Il s&rsquo;agit d&rsquo;une forme d&rsquo;interpr\u00e9tation [&#8230;]<\/p>\n<p><a class=\"btn btn-secondary understrap-read-more-link\" href=\"https:\/\/culturesconnection.ca\/fr\/services-interpretation-consecutive\/\">Read More&#8230;<span class=\"screen-reader-text\"> from Nos services d&rsquo;interpr\u00e9tation cons\u00e9cutive<\/span><\/a><\/p>\n","protected":false},"author":26,"featured_media":6404,"parent":0,"menu_order":0,"comment_status":"closed","ping_status":"closed","template":"","meta":{"_acf_changed":false,"_editorskit_title_hidden":false,"_editorskit_reading_time":0,"_editorskit_is_block_options_detached":false,"_editorskit_block_options_position":"{}","footnotes":""},"class_list":["post-6403","page","type-page","status-publish","has-post-thumbnail","hentry"],"acf":[],"_links":{"self":[{"href":"https:\/\/culturesconnection.ca\/fr\/wp-json\/wp\/v2\/pages\/6403","targetHints":{"allow":["GET"]}}],"collection":[{"href":"https:\/\/culturesconnection.ca\/fr\/wp-json\/wp\/v2\/pages"}],"about":[{"href":"https:\/\/culturesconnection.ca\/fr\/wp-json\/wp\/v2\/types\/page"}],"author":[{"embeddable":true,"href":"https:\/\/culturesconnection.ca\/fr\/wp-json\/wp\/v2\/users\/26"}],"replies":[{"embeddable":true,"href":"https:\/\/culturesconnection.ca\/fr\/wp-json\/wp\/v2\/comments?post=6403"}],"version-history":[{"count":0,"href":"https:\/\/culturesconnection.ca\/fr\/wp-json\/wp\/v2\/pages\/6403\/revisions"}],"wp:featuredmedia":[{"embeddable":true,"href":"https:\/\/culturesconnection.ca\/fr\/wp-json\/wp\/v2\/media\/6404"}],"wp:attachment":[{"href":"https:\/\/culturesconnection.ca\/fr\/wp-json\/wp\/v2\/media?parent=6403"}],"curies":[{"name":"wp","href":"https:\/\/api.w.org\/{rel}","templated":true}]}}