{"id":7620,"date":"2022-12-21T06:43:14","date_gmt":"2022-12-21T11:43:14","guid":{"rendered":"https:\/\/culturesconnection.ca\/?page_id=7620"},"modified":"2023-07-14T10:19:29","modified_gmt":"2023-07-14T14:19:29","slug":"services-traduction-environnement-energie","status":"publish","type":"page","link":"https:\/\/culturesconnection.ca\/fr\/services-traduction-environnement-energie\/","title":{"rendered":"Nos services de traduction en mati\u00e8re d&rsquo;environnement et d&rsquo;\u00e9nergie"},"content":{"rendered":"\n<h2 class=\"wp-block-heading\">Traduction en mati\u00e8re d&rsquo;environnement et d&rsquo;\u00e9nergie : un domaine en demande<\/h2>\n\n\n\n<p>Les traductions de documents dans les domaines de l&rsquo;environnement, de l&rsquo;\u00e9nergie et de l&rsquo;\u00e9conomie verte sont de plus en plus demand\u00e9es, de et vers l&rsquo;anglais et d&rsquo;autres langues couramment parl\u00e9es, ainsi que vers des langues plus rares. Cette \u00e9volution s&rsquo;accompagne du d\u00e9veloppement de nouvelles normes environnementales, de l\u00e9gislations, de sources d&rsquo;\u00e9nergie moins polluantes, de projets de transport durable, d&rsquo;expositions sur la biodiversit\u00e9 et l&rsquo;art \u00e9cologique.<\/p>\n\n\n\n<p>Les questions environnementales englobent divers secteurs d&rsquo;activit\u00e9, ce qui n\u00e9cessite la polyvalence des experts linguistiques qui fournissent leurs services. Les traductions environnementales couvrent un large \u00e9ventail de domaines, notamment l&rsquo;agriculture, l&rsquo;\u00e9nergie, les transports, la sant\u00e9, les t\u00e9l\u00e9communications, le droit, la biochimie, la construction et l&rsquo;ing\u00e9nierie. Les innovations environnementales, les approches en mati\u00e8re de protection, la l\u00e9gislation et les normes varient d&rsquo;un pays \u00e0 l&rsquo;autre, tout comme la mise en \u0153uvre des politiques environnementales. Pour toutes ces raisons, des professionnels du secteur sont indispensables \u00e0 vos projets.<\/p>\n\n\n\n<p><a href=\"https:\/\/culturesconnection.ca\/fr\/\" class=\"ek-link\">Cultures Connection<\/a> est l&rsquo;agence de traduction sp\u00e9cialis\u00e9e dans les traductions multilingues pour tous vos projets li\u00e9s au secteur de l&rsquo;environnement et de l&rsquo;\u00e9nergie. Notre agence r\u00e9pond aux besoins de communication multilingue des institutions et des entreprises engag\u00e9es dans le d\u00e9veloppement durable et les \u00e9nergies propres. Le changement climatique et les pr\u00e9occupations environnementales sont d&rsquo;une importance capitale sur tous les continents, et un mouvement mondial est en cours pour trouver des solutions efficaces.<\/p>\n\n\n\n<h2 class=\"wp-block-heading\">Des professionnels sp\u00e9cialis\u00e9s dans les questions environnementales<\/h2>\n\n\n\n<p>Les documents \u00e0 traduire peuvent porter sur des aspects positifs et prometteurs pour l&rsquo;environnement, tels que l&rsquo;\u00e9nergie g\u00e9othermique marine et l&rsquo;\u00e9nergie des vagues, les innovations en mati\u00e8re de recyclage pour une gestion optimis\u00e9e des d\u00e9chets, l&rsquo;agriculture biologique ou l&rsquo;agriculture durable. Parfois, des textes ou des contenus audiovisuels peuvent aborder des probl\u00e8mes \u00e9cologiques, tels que le continent de plastique, les d\u00e9chets flottants et les microplastiques, l&rsquo;\u00e9rosion des sols, la faune menac\u00e9e, les pesticides et les \u00e9pid\u00e9mies.<\/p>\n\n\n\n<p>Nos traducteurs sp\u00e9cialis\u00e9s dans l&rsquo;environnement et l&rsquo;\u00e9nergie poss\u00e8dent les connaissances techniques, juridiques et litt\u00e9raires n\u00e9cessaires pour fournir des traductions de qualit\u00e9. Chaque traducteur travaille dans sa langue maternelle, tout en respectant les normes de qualit\u00e9 internationales. Notre \u00e9quipe professionnelle acquiert en permanence de nouvelles comp\u00e9tences et se tient au courant des innovations dans chaque domaine. Une expertise particuli\u00e8re dans les domaines de l&rsquo;environnement et de l&rsquo;\u00e9nergie est requise.<\/p>\n\n\n\n<p>Plusieurs ressources utiles permettent aux traducteurs et aux r\u00e9dacteurs de rester bien inform\u00e9s. Les associations professionnelles de traducteurs proposent des formations cibl\u00e9es, telles que \u00ab\u00a0traduire le d\u00e9veloppement durable\u00a0\u00bb. Les institutions publiques, les centres et instituts de recherche scientifique, les ONG et les associations proposent des sites web et des portails publics contenant des informations pr\u00e9cieuses. Notre \u00e9quipe de traducteurs peut traiter des textes sur le changement climatique, la d\u00e9carbonisation de l&rsquo;\u00e9conomie, la croissance verte, la planification \u00e9nerg\u00e9tique et la protection du patrimoine naturel.<\/p>\n\n\n\n<p>Nous vous attribuerons le meilleur <a href=\"https:\/\/culturesconnection.ca\/fr\/traducteur-professionnel\/\" class=\"ek-link\">traducteur professionnel<\/a> pour des services de traduction environnementale exceptionnels !<\/p>\n\n\n\n<h2 class=\"wp-block-heading\">Notre exp\u00e9rience dans le secteur de l&rsquo;environnement et de l&rsquo;\u00e9nergie<\/h2>\n\n\n\n<p>Proposer des <a href=\"https:\/\/culturesconnection.ca\/fr\/services-de-traduction\/\" class=\"ek-link\">services de traduction<\/a> de brochures, catalogues, notices et sites web \u00e0 des clients impliqu\u00e9s dans le d\u00e9veloppement durable, c&rsquo;est aussi pour nous une fa\u00e7on de contribuer \u00e0 un cercle vertueux. Nous participons activement \u00e0 la transition \u00e9cologique et promouvons les bonnes pratiques en diffusant l&rsquo;information et les solutions environnementales et \u00e9nerg\u00e9tiques au plus grand nombre.<\/p>\n\n\n\n<p>Nous travaillons avec d&rsquo;importantes organisations internationales telles que la FAO (Organisation des Nations unies pour l&rsquo;alimentation et l&rsquo;agriculture), le groupe V20 avec le Forum sur la vuln\u00e9rabilit\u00e9 climatique, ainsi qu&rsquo;avec des ONG ax\u00e9es sur l&rsquo;\u00e9nergie solaire hors r\u00e9seau et des associations d\u00e9di\u00e9es \u00e0 la protection des oc\u00e9ans. Nous traduisons \u00e9galement des projets et des recherches d&rsquo;universit\u00e9s et de laboratoires de premier plan dans le domaine de la recherche sur la pollution et de la d\u00e9pollution.<\/p>\n\n\n\n<p>Pour une source d&rsquo;information plus compl\u00e8te sur notre exp\u00e9rience dans l&rsquo;industrie, voici une liste d&rsquo;une grande vari\u00e9t\u00e9 de documents li\u00e9s \u00e0 l&rsquo;environnement et \u00e0 l&rsquo;\u00e9nergie avec lesquels nous travaillons :<\/p>\n\n\n\n<ul class=\"wp-block-list\">\n<li>\u00c9tudes et rapports d&rsquo;impact sur l&rsquo;environnement, avis techniques<\/li>\n\n\n\n<li>Chartes \u00e9thiques et normes environnementales, guides de bonnes pratiques, documents de planification environnementale<\/li>\n\n\n\n<li>Recommandations de la Commission, strat\u00e9gies, plans d&rsquo;action<\/li>\n\n\n\n<li>Formulaires, documents d&rsquo;appel d&rsquo;offres, pr\u00e9sentations, publicit\u00e9s<\/li>\n\n\n\n<li>Catalogues et fiches d&rsquo;information sur les produits biologiques, bases de donn\u00e9es, fiches d&rsquo;information<\/li>\n\n\n\n<li>Communiqu\u00e9s de presse, discours, nouvelles, bulletins d&rsquo;information<\/li>\n\n\n\n<li>Contrats, partenariats, accords, mesures, dossiers de financement<\/li>\n\n\n\n<li>Traduction et localisation de votre site web<\/li>\n\n\n\n<li>Traduction et localisation d&rsquo;applications et de plateformes<\/li>\n\n\n\n<li>Contenu des m\u00e9dias sociaux<\/li>\n\n\n\n<li>Sous-titrage de documentaires, cours et formations, interviews, vid\u00e9os marketing, campagnes de communication<\/li>\n\n\n\n<li>Propri\u00e9t\u00e9 intellectuelle : brevets, descriptions, r\u00e9sum\u00e9s<\/li>\n<\/ul>\n","protected":false},"excerpt":{"rendered":"<p>Traduction en mati\u00e8re d&rsquo;environnement et d&rsquo;\u00e9nergie : un domaine en demande Les traductions de documents dans les domaines de l&rsquo;environnement, de l&rsquo;\u00e9nergie et de l&rsquo;\u00e9conomie [&#8230;]<\/p>\n<p><a class=\"btn btn-secondary understrap-read-more-link\" href=\"https:\/\/culturesconnection.ca\/fr\/services-traduction-environnement-energie\/\">Read More&#8230;<span class=\"screen-reader-text\"> from Nos services de traduction en mati\u00e8re d&rsquo;environnement et d&rsquo;\u00e9nergie<\/span><\/a><\/p>\n","protected":false},"author":52,"featured_media":0,"parent":0,"menu_order":0,"comment_status":"closed","ping_status":"closed","template":"","meta":{"_acf_changed":false,"_editorskit_title_hidden":false,"_editorskit_reading_time":0,"_editorskit_is_block_options_detached":false,"_editorskit_block_options_position":"{}","footnotes":""},"class_list":["post-7620","page","type-page","status-publish","hentry"],"acf":[],"_links":{"self":[{"href":"https:\/\/culturesconnection.ca\/fr\/wp-json\/wp\/v2\/pages\/7620","targetHints":{"allow":["GET"]}}],"collection":[{"href":"https:\/\/culturesconnection.ca\/fr\/wp-json\/wp\/v2\/pages"}],"about":[{"href":"https:\/\/culturesconnection.ca\/fr\/wp-json\/wp\/v2\/types\/page"}],"author":[{"embeddable":true,"href":"https:\/\/culturesconnection.ca\/fr\/wp-json\/wp\/v2\/users\/52"}],"replies":[{"embeddable":true,"href":"https:\/\/culturesconnection.ca\/fr\/wp-json\/wp\/v2\/comments?post=7620"}],"version-history":[{"count":0,"href":"https:\/\/culturesconnection.ca\/fr\/wp-json\/wp\/v2\/pages\/7620\/revisions"}],"wp:attachment":[{"href":"https:\/\/culturesconnection.ca\/fr\/wp-json\/wp\/v2\/media?parent=7620"}],"curies":[{"name":"wp","href":"https:\/\/api.w.org\/{rel}","templated":true}]}}