{"id":7621,"date":"2016-05-10T16:42:31","date_gmt":"2016-05-10T20:42:31","guid":{"rendered":"https:\/\/culturesconnection.ca\/?page_id=7621"},"modified":"2024-11-19T07:30:09","modified_gmt":"2024-11-19T12:30:09","slug":"services-traduction-scientifique","status":"publish","type":"page","link":"https:\/\/culturesconnection.ca\/fr\/services-traduction-scientifique\/","title":{"rendered":"Nos services de traduction scientifique"},"content":{"rendered":"\n<h2 class=\"wp-block-heading\">Traduction scientifique : La terminologie est essentielle<\/h2>\n\n\n\n<p>Une traduction scientifique pr\u00e9cise joue un r\u00f4le essentiel pour les entreprises, les laboratoires de recherche et de d\u00e9veloppement, ainsi que les h\u00f4pitaux. Les documents scientifiques et m\u00e9dicaux v\u00e9hiculent des id\u00e9es complexes \u00e0 l&rsquo;aide d&rsquo;une terminologie sp\u00e9cialis\u00e9e propre au domaine scientifique. Notre soci\u00e9t\u00e9 de traduction scientifique et de localisation offre des services de traduction de haute qualit\u00e9 \u00e0 de nombreuses entreprises dans diverses disciplines scientifiques. Compte tenu de la diversit\u00e9 et de l&rsquo;\u00e9tendue des sujets abord\u00e9s dans ce domaine, notre \u00e9quipe de gestion de projet s\u00e9lectionne avec soin des traducteurs ma\u00eetrisant la langue requise pour chaque projet.<\/p>\n\n\n\n<p>Nos chefs de projet accordent une attention particuli\u00e8re \u00e0 l&rsquo;exp\u00e9rience sp\u00e9cifique des traducteurs et \u00e0 leur compr\u00e9hension du contenu scientifique. Nos traducteurs ont une connaissance approfondie de la mani\u00e8re de traduire avec pr\u00e9cision le vocabulaire m\u00e9dical et scientifique. En outre, le style d&rsquo;\u00e9criture scientifique et m\u00e9dicale est fid\u00e8lement refl\u00e9t\u00e9 dans le style des textes traduits.<\/p>\n\n\n\n<p>Si votre entreprise a besoin de services de traduction de premier ordre, il est essentiel de s&rsquo;associer \u00e0 des professionnels de la langue comme <a href=\"https:\/\/culturesconnection.ca\/fr\/\" class=\"ek-link\">Cultures Connection<\/a>.<\/p>\n\n\n\n<h2 class=\"wp-block-heading\">Une grande expertise dans les domaines scientifiques et techniques<\/h2>\n\n\n\n<p>Dans le domaine des sciences humaines et sociales, la recherche scientifique n\u00e9cessite la traduction ou la localisation d&rsquo;un large \u00e9ventail de documents pour les sites web, les articles dans les revues internationales, les cours et le mat\u00e9riel de formation, les rapports et les r\u00e9sultats. Notre soci\u00e9t\u00e9 fournit des traductions \u00e0 des laboratoires de recherche universitaires de premier plan, \u00e0 des \u00e9coles sup\u00e9rieures et \u00e0 des instituts dans les domaines de l&rsquo;\u00e9conomie, de la psychologie, de la sociologie, de la linguistique, de l&rsquo;histoire, de l&rsquo;anthropologie, de l&rsquo;architecture, de la g\u00e9ographie et des arts.<\/p>\n\n\n\n<p>Nous poss\u00e9dons une vaste exp\u00e9rience dans les domaines suivants de la traduction scientifique et technique : biotechnologie, g\u00e9n\u00e9tique, litt\u00e9rature relative \u00e0 l&rsquo;ADN, physique, biochimie, biologie, zoologie, botanique, astronomie, g\u00e9ologie, biodiversit\u00e9, environnement, d\u00e9veloppement durable, alimentation, sant\u00e9, virologie, m\u00e9decine, \u00e9nergies renouvelables.<\/p>\n\n\n\n<p>Les documents scientifiques que nous traduisons sont les suivants :<\/p>\n\n\n\n<ul class=\"wp-block-list\">\n<li>Articles pour des revues scientifiques ou des revues et ouvrages universitaires<\/li>\n\n\n\n<li>Formations dans les domaines des sciences de la vie, de l&rsquo;informatique et des logiciels, de l&rsquo;environnement, etc.<\/li>\n\n\n\n<li>Manuels d&rsquo;utilisation et d&rsquo;exploitation, documents techniques<\/li>\n\n\n\n<li>Documents d&rsquo;enregistrement de produits pharmaceutiques (autorisations de mise sur le march\u00e9) et brevets<\/li>\n\n\n\n<li>Protocoles d&rsquo;essai et essais cliniques et de laboratoire<\/li>\n\n\n\n<li>Documentation clinique<\/li>\n\n\n\n<li>Documents r\u00e9glementaires, fiches de donn\u00e9es de s\u00e9curit\u00e9, sp\u00e9cifications<\/li>\n\n\n\n<li>\u00c9tudes de march\u00e9, rapports et projets<\/li>\n\n\n\n<li>Logiciels de simulation (par exemple, biotechnologie, patient virtuel, clinique virtuelle)<\/li>\n\n\n\n<li>Pr\u00e9sentations de lancement de produits et conf\u00e9rences<\/li>\n\n\n\n<li>Mat\u00e9riel de marketing : brochures commerciales, campagnes publicitaires, d\u00e9pliants<\/li>\n\n\n\n<li>Glossaires et encyclop\u00e9dies scientifiques<\/li>\n\n\n\n<li>Localisation et traduction de sites web scientifiques<\/li>\n\n\n\n<li>Pr\u00e9sentations multim\u00e9dias et vid\u00e9o<\/li>\n<\/ul>\n\n\n\n<h2 class=\"wp-block-heading\">Traduction scientifique : Pr\u00e9cision du vocabulaire<\/h2>\n\n\n\n<p>Avant de traduire un document, les traducteurs effectuent des recherches approfondies pour analyser la terminologie et d\u00e9terminer les termes \u00e0 utiliser en fonction du contexte. De nombreux termes peuvent \u00eatre traduits diff\u00e9remment selon la discipline scientifique concern\u00e9e, ce qui oblige les traducteurs \u00e0 effectuer des recherches approfondies et \u00e0 utiliser des outils et des donn\u00e9es techniques appropri\u00e9s pour garantir l&rsquo;exactitude des traductions.<\/p>\n\n\n\n<p>Souvent, nous engageons des discussions terminologiques avec nos clients et utilisons des ressources pertinentes pour nous assurer que la traduction est pr\u00e9cise et qu&rsquo;elle refl\u00e8te fid\u00e8lement le contenu du texte source. Dans le domaine de la science et de la technologie, les produits ont souvent une terminologie sp\u00e9cifique et nos <a href=\"https:\/\/culturesconnection.ca\/fr\/traducteur-professionnel\/\" class=\"ek-link\">traducteurs connaissent bien<\/a> le vocabulaire scientifique et technique.<\/p>\n\n\n\n<p>Outre les services de traduction et de localisation, nous proposons \u00e9galement des services d&rsquo;interpr\u00e9tation professionnelle si vous avez besoin de linguistes pour des traductions orales lors de r\u00e9unions de travail, de conf\u00e9rences m\u00e9dicales ou de visites de sites de production.<\/p>\n\n\n\n<p>Choisissez Cultures Connection pour vous assurer de recevoir un <a href=\"https:\/\/culturesconnection.ca\/fr\/services-de-traduction\/\" class=\"ek-link\">service de traduction de haute qualit\u00e9<\/a>.<\/p>\n","protected":false},"excerpt":{"rendered":"<p>Traduction scientifique : La terminologie est essentielle Une traduction scientifique pr\u00e9cise joue un r\u00f4le essentiel pour les entreprises, les laboratoires de recherche et de d\u00e9veloppement, [&#8230;]<\/p>\n<p><a class=\"btn btn-secondary understrap-read-more-link\" href=\"https:\/\/culturesconnection.ca\/fr\/services-traduction-scientifique\/\">Read More&#8230;<span class=\"screen-reader-text\"> from Nos services de traduction scientifique<\/span><\/a><\/p>\n","protected":false},"author":52,"featured_media":6982,"parent":0,"menu_order":0,"comment_status":"closed","ping_status":"closed","template":"","meta":{"_acf_changed":false,"_editorskit_title_hidden":false,"_editorskit_reading_time":0,"_editorskit_is_block_options_detached":false,"_editorskit_block_options_position":"{}","footnotes":""},"class_list":["post-7621","page","type-page","status-publish","has-post-thumbnail","hentry"],"acf":[],"_links":{"self":[{"href":"https:\/\/culturesconnection.ca\/fr\/wp-json\/wp\/v2\/pages\/7621","targetHints":{"allow":["GET"]}}],"collection":[{"href":"https:\/\/culturesconnection.ca\/fr\/wp-json\/wp\/v2\/pages"}],"about":[{"href":"https:\/\/culturesconnection.ca\/fr\/wp-json\/wp\/v2\/types\/page"}],"author":[{"embeddable":true,"href":"https:\/\/culturesconnection.ca\/fr\/wp-json\/wp\/v2\/users\/52"}],"replies":[{"embeddable":true,"href":"https:\/\/culturesconnection.ca\/fr\/wp-json\/wp\/v2\/comments?post=7621"}],"version-history":[{"count":0,"href":"https:\/\/culturesconnection.ca\/fr\/wp-json\/wp\/v2\/pages\/7621\/revisions"}],"wp:featuredmedia":[{"embeddable":true,"href":"https:\/\/culturesconnection.ca\/fr\/wp-json\/wp\/v2\/media\/6982"}],"wp:attachment":[{"href":"https:\/\/culturesconnection.ca\/fr\/wp-json\/wp\/v2\/media?parent=7621"}],"curies":[{"name":"wp","href":"https:\/\/api.w.org\/{rel}","templated":true}]}}