{"id":7623,"date":"2021-08-25T11:39:47","date_gmt":"2021-08-25T15:39:47","guid":{"rendered":"https:\/\/culturesconnection.ca\/?page_id=7623"},"modified":"2024-11-19T07:50:19","modified_gmt":"2024-11-19T12:50:19","slug":"services-traduction-mode-luxe","status":"publish","type":"page","link":"https:\/\/culturesconnection.ca\/fr\/services-traduction-mode-luxe\/","title":{"rendered":"Nos services de traduction pour le secteur de la mode"},"content":{"rendered":"\n<h2 class=\"wp-block-heading\">L&rsquo;art de la beaut\u00e9<\/h2>\n\n\n\n<p>Chez <a href=\"https:\/\/culturesconnection.ca\/fr\/\" class=\"ek-link\">Cultures Connection<\/a>, nous comprenons la nature exceptionnelle de la mode de luxe, nous appr\u00e9cions l&rsquo;art de la beaut\u00e9 et nous reconnaissons l&rsquo;importance de la cr\u00e9ativit\u00e9 et de l&rsquo;excellence. Nous sommes \u00e9galement conscients des implications strat\u00e9giques et \u00e9conomiques des secteurs du luxe, de la mode et de la beaut\u00e9.<\/p>\n\n\n\n<p>Nous savons allier l&rsquo;art de la beaut\u00e9 \u00e0 l&rsquo;art de la traduction pour mettre en valeur vos documents, vid\u00e9os et \u00e9v\u00e9nements d\u00e9di\u00e9s \u00e0 vos cr\u00e9ations textiles, bijoux, parfums, collections de d\u00e9coration et d&rsquo;ameublement, maroquinerie et innovations en mati\u00e8re de maquillage.<\/p>\n\n\n\n<h2 class=\"wp-block-heading\">Traduire le luxe pour illuminer vos marques<\/h2>\n\n\n\n<p>Cultures Connection vous accompagne dans le destin international de vos cr\u00e9ations de luxe en vous proposant des <a href=\"https:\/\/culturesconnection.ca\/fr\/services-de-traduction\/\" class=\"ek-link\">services linguistiques<\/a> adapt\u00e9s \u00e0 vos besoins avec une touche de sophistication. Confiez-nous la traduction de vos textes raffin\u00e9s : nous vous attribuerons le traducteur professionnel ad\u00e9quat. Vos textes complexes sont entre de bonnes mains : nos linguistes sont des orf\u00e8vres qui traduisent habilement avec style, en restant fid\u00e8les \u00e0 votre contenu et \u00e0 l&rsquo;identit\u00e9 de votre marque tout en atteignant vos clients soucieux de leur beaut\u00e9.<\/p>\n\n\n\n<p>\u00c0 chaque nouvelle collection et campagne publicitaire, Cultures Connection soutient votre strat\u00e9gie marketing avec efficacit\u00e9 et d\u00e9vouement, tout en garantissant la plus grande confidentialit\u00e9. La grande exp\u00e9rience de notre soci\u00e9t\u00e9 de traduction dans les projets de traduction multilingue nous permet de r\u00e9pondre \u00e0 vos attentes et de captiver vos clients \u00e9trangers qui sont impatients de d\u00e9couvrir vos nouveaux produits et de suivre les derni\u00e8res tendances en mati\u00e8re de mode et de beaut\u00e9.<\/p>\n\n\n\n<h2 class=\"wp-block-heading\">Notre expertise dans tous les domaines<\/h2>\n\n\n\n<p>Haute couture, maroquinerie, maquillage, bijoux, montres, parfums, d\u00e9coration, lunetterie, pr\u00eat-\u00e0-porter global, ou encore soins cosm\u00e9tiques : Cultures Connection vous propose des services de traduction de qualit\u00e9 adapt\u00e9s \u00e0 vos besoins, quel que soit votre projet. Nos <a href=\"https:\/\/culturesconnection.ca\/fr\/traducteur-professionnel\/\" class=\"ek-link\">traducteurs professionnels<\/a> deviennent vos alli\u00e9s pour r\u00e9ussir dans le monde entier. Tous nos linguistes traduisent vers leur langue maternelle afin de garantir une qualit\u00e9 optimale. De prestigieuses marques de luxe, de grandes entreprises de mode et de cosm\u00e9tiques nous font confiance pour de nombreux types de textes :<\/p>\n\n\n\n<ul class=\"wp-block-list\">\n<li>Catalogues, modes d&#8217;emploi et fiches produits<\/li>\n\n\n\n<li>Programmes de d\u00e9fil\u00e9s de mode<\/li>\n\n\n\n<li>Interviews et articles de magazines<\/li>\n\n\n\n<li>\u00c9tudes de march\u00e9 et tests marketing<\/li>\n\n\n\n<li>Pr\u00e9sentations<\/li>\n\n\n\n<li>Ateliers, formations, tutoriels, guides<\/li>\n\n\n\n<li>Campagnes de communication num\u00e9rique<\/li>\n\n\n\n<li>Bulletins d&rsquo;information et blogs<\/li>\n\n\n\n<li>Sites web et applications<\/li>\n\n\n\n<li>Plans strat\u00e9giques<\/li>\n<\/ul>\n\n\n\n<p>Outre l&rsquo;anglais canadien, notre vaste \u00e9quipe de traducteurs ma\u00eetrise les langues europ\u00e9ennes, asiatiques, moyen-orientales et latino-am\u00e9ricaines, ce qui nous permet de fournir les services suivants<\/p>\n\n\n\n<p>Nous valorisons les produits de vos cr\u00e9ateurs gr\u00e2ce \u00e0 un contenu marketing cibl\u00e9 et offrons le meilleur service de transcr\u00e9ation pour faire briller votre marque \u00e0 l&rsquo;\u00e9chelle internationale.<\/p>\n","protected":false},"excerpt":{"rendered":"<p>L&rsquo;art de la beaut\u00e9 Chez Cultures Connection, nous comprenons la nature exceptionnelle de la mode de luxe, nous appr\u00e9cions l&rsquo;art de la beaut\u00e9 et nous [&#8230;]<\/p>\n<p><a class=\"btn btn-secondary understrap-read-more-link\" href=\"https:\/\/culturesconnection.ca\/fr\/services-traduction-mode-luxe\/\">Read More&#8230;<span class=\"screen-reader-text\"> from Nos services de traduction pour le secteur de la mode<\/span><\/a><\/p>\n","protected":false},"author":52,"featured_media":0,"parent":0,"menu_order":0,"comment_status":"closed","ping_status":"closed","template":"","meta":{"_acf_changed":false,"_editorskit_title_hidden":false,"_editorskit_reading_time":0,"_editorskit_is_block_options_detached":false,"_editorskit_block_options_position":"{}","footnotes":""},"class_list":["post-7623","page","type-page","status-publish","hentry"],"acf":[],"_links":{"self":[{"href":"https:\/\/culturesconnection.ca\/fr\/wp-json\/wp\/v2\/pages\/7623","targetHints":{"allow":["GET"]}}],"collection":[{"href":"https:\/\/culturesconnection.ca\/fr\/wp-json\/wp\/v2\/pages"}],"about":[{"href":"https:\/\/culturesconnection.ca\/fr\/wp-json\/wp\/v2\/types\/page"}],"author":[{"embeddable":true,"href":"https:\/\/culturesconnection.ca\/fr\/wp-json\/wp\/v2\/users\/52"}],"replies":[{"embeddable":true,"href":"https:\/\/culturesconnection.ca\/fr\/wp-json\/wp\/v2\/comments?post=7623"}],"version-history":[{"count":0,"href":"https:\/\/culturesconnection.ca\/fr\/wp-json\/wp\/v2\/pages\/7623\/revisions"}],"wp:attachment":[{"href":"https:\/\/culturesconnection.ca\/fr\/wp-json\/wp\/v2\/media?parent=7623"}],"curies":[{"name":"wp","href":"https:\/\/api.w.org\/{rel}","templated":true}]}}