{"id":7626,"date":"2023-06-11T07:14:17","date_gmt":"2023-06-11T11:14:17","guid":{"rendered":"https:\/\/culturesconnection.ca\/?page_id=7626"},"modified":"2023-07-14T11:17:34","modified_gmt":"2023-07-14T15:17:34","slug":"services-interpretation-liaison","status":"publish","type":"page","link":"https:\/\/culturesconnection.ca\/fr\/services-interpretation-liaison\/","title":{"rendered":"Nos services d&rsquo;interpr\u00e9tation de liaison"},"content":{"rendered":"\n<h2 class=\"wp-block-heading\">Interpr\u00e9tation de liaison : Liens en face \u00e0 face<\/h2>\n\n\n\n<p>Lors de l&rsquo;organisation d&rsquo;un \u00e9v\u00e9nement multilingue avec un groupe restreint de participants, comme une visite d&rsquo;entreprise, des n\u00e9gociations commerciales ou des r\u00e9unions d&rsquo;affaires, une communication efficace devient cruciale. Pour garantir des \u00e9changes fluides et pr\u00e9cis, sans malentendus, faites appel \u00e0 l&rsquo;expertise de <a href=\"https:\/\/culturesconnection.ca\/fr\/\" class=\"ek-link\">Cultures Connection<\/a>.<\/p>\n\n\n\n<p>L&rsquo;interpr\u00e9tation de liaison consiste \u00e0 faciliter la communication directe entre des personnes parlant des langues diff\u00e9rentes. L&rsquo;interpr\u00e8te agit comme un pont, traduisant les conversations en temps r\u00e9el, sans avoir besoin de prendre des notes. Il poss\u00e8de une m\u00e9moire et des comp\u00e9tences linguistiques exceptionnelles qui lui permettent de transmettre de courts passages avec pr\u00e9cision et fluidit\u00e9.<\/p>\n\n\n\n<p>Chez Cultures Connection, nous disposons d&rsquo;un vaste r\u00e9seau d&rsquo;interpr\u00e8tes de liaison <a href=\"https:\/\/culturesconnection.ca\/fr\/traducteur-professionnel\/\" class=\"ek-link\">ma\u00eetrisant plus de 80 langues<\/a>, dont le fran\u00e7ais, l&rsquo;espagnol, le croate, le chinois, l&rsquo;allemand, l&rsquo;anglais, le russe, l&rsquo;arabe, le portugais et bien d&rsquo;autres encore. Nous pouvons r\u00e9pondre \u00e0 vos besoins sp\u00e9cifiques et vous fournir des services d&rsquo;interpr\u00e9tation sur mesure.<\/p>\n\n\n\n<h2 class=\"wp-block-heading\">Introduction \u00e0 l&rsquo;interpr\u00e9tation de liaison<\/h2>\n\n\n\n<p>L&rsquo;interpr\u00e9tation de liaison, \u00e9galement connue sous le nom d&rsquo;interpr\u00e9tation ad hoc ou d&rsquo;accompagnement, est un service pr\u00e9cieux pour les r\u00e9unions intimes o\u00f9 la communication directe et l&rsquo;interaction entre des personnes parlant des langues diff\u00e9rentes sont cruciales.<\/p>\n\n\n\n<p>Ce type d&rsquo;interpr\u00e9tation est id\u00e9al pour les contextes informels qui encouragent l&rsquo;interaction et favorisent les liens directs entre les participants. Les participants se r\u00e9unissent autour d&rsquo;une table et engagent des discussions limit\u00e9es aux parties concern\u00e9es. Ils \u00e9coutent activement l&rsquo;orateur, restituent le message dans la langue cible et assurent une bonne compr\u00e9hension entre toutes les parties concern\u00e9es.<\/p>\n\n\n\n<p>L&rsquo;absence de mat\u00e9riel d&rsquo;interpr\u00e9tation, comme les cabines ou les casques, cr\u00e9e une atmosph\u00e8re de confiance et permet un environnement plus personnel et collaboratif.<\/p>\n\n\n\n<p>En recourant aux services d&rsquo;un interpr\u00e8te de liaison, vous pouvez \u00e9liminer les barri\u00e8res linguistiques, promouvoir un dialogue efficace et am\u00e9liorer la qualit\u00e9 globale de votre \u00e9v\u00e9nement multilingue.<\/p>\n\n\n\n<h2 class=\"wp-block-heading\">Des interpr\u00e8tes de liaison professionnels et comp\u00e9tents<\/h2>\n\n\n\n<p>Notre agence donne la priorit\u00e9 \u00e0 la satisfaction de ses clients, en veillant \u00e0 s\u00e9lectionner les interpr\u00e8tes les mieux adapt\u00e9s aux besoins sp\u00e9cifiques de votre \u00e9v\u00e9nement. Tous nos linguistes adh\u00e8rent au secret professionnel et sont pr\u00eats \u00e0 signer des accords de confidentialit\u00e9 si n\u00e9cessaire.<\/p>\n\n\n\n<p>Nos interpr\u00e8tes de liaison poss\u00e8dent d&rsquo;excellentes comp\u00e9tences linguistiques, des connaissances culturelles et des capacit\u00e9s relationnelles. Ils adaptent leur style d&rsquo;interpr\u00e9tation au ton de la conversation et au contexte de l&rsquo;interaction, afin de maintenir le flux naturel de la communication tout en fournissant des traductions pr\u00e9cises et concises.<\/p>\n\n\n\n<p>En outre, nous proposons l&rsquo;interpr\u00e9tation chuchot\u00e9e, une forme d&rsquo;interpr\u00e9tation simultan\u00e9e dans laquelle l&rsquo;interpr\u00e8te chuchote directement \u00e0 l&rsquo;oreille du ou des participants. Cette technique convient aux r\u00e9unions bilat\u00e9rales ou aux situations o\u00f9 seules quelques personnes partagent une langue commune. Dans les cas o\u00f9 l&rsquo;interpr\u00e8te est plac\u00e9 loin de l&rsquo;orateur ou a des difficult\u00e9s \u00e0 entendre, des \u00e9couteurs peuvent \u00eatre utilis\u00e9s.<\/p>\n\n\n\n<p>Faites confiance \u00e0 Cultures Connection pour fournir des <a href=\"https:\/\/culturesconnection.ca\/fr\/services-interpretation\/\" class=\"ek-link\">services d&rsquo;interpr\u00e9tation exceptionnels<\/a>, permettant une communication efficace et favorisant des interactions multilingues r\u00e9ussies lors de votre \u00e9v\u00e9nement.<\/p>\n","protected":false},"excerpt":{"rendered":"<p>Interpr\u00e9tation de liaison : Liens en face \u00e0 face Lors de l&rsquo;organisation d&rsquo;un \u00e9v\u00e9nement multilingue avec un groupe restreint de participants, comme une visite d&rsquo;entreprise, [&#8230;]<\/p>\n<p><a class=\"btn btn-secondary understrap-read-more-link\" href=\"https:\/\/culturesconnection.ca\/fr\/services-interpretation-liaison\/\">Read More&#8230;<span class=\"screen-reader-text\"> from Nos services d&rsquo;interpr\u00e9tation de liaison<\/span><\/a><\/p>\n","protected":false},"author":52,"featured_media":0,"parent":0,"menu_order":0,"comment_status":"closed","ping_status":"closed","template":"","meta":{"_acf_changed":false,"_editorskit_title_hidden":false,"_editorskit_reading_time":0,"_editorskit_is_block_options_detached":false,"_editorskit_block_options_position":"{}","footnotes":""},"class_list":["post-7626","page","type-page","status-publish","hentry"],"acf":[],"yoast_head":"<!-- This site is optimized with the Yoast SEO Premium plugin v23.4 (Yoast SEO v27.3) - https:\/\/yoast.com\/product\/yoast-seo-premium-wordpress\/ -->\n<title>Services d&#039;interpr\u00e9tation de liaison | Cultures Connection Canada<\/title>\n<meta name=\"description\" content=\"Qu&#039;il s&#039;agisse d&#039;une r\u00e9union d&#039;affaires, diplomatique ou d&#039;une discussion en t\u00eate-\u00e0-t\u00eate, nos services d&#039;interpr\u00e9tation de liaison sont votre choix.\" \/>\n<meta name=\"robots\" content=\"index, follow, max-snippet:-1, max-image-preview:large, max-video-preview:-1\" \/>\n<link rel=\"canonical\" href=\"https:\/\/culturesconnection.ca\/liaison-interpreting-services\/\" \/>\n<meta property=\"og:locale\" content=\"fr_CA\" \/>\n<meta property=\"og:type\" content=\"article\" \/>\n<meta property=\"og:title\" content=\"Nos services d&#039;interpr\u00e9tation de liaison\" \/>\n<meta property=\"og:description\" content=\"Qu&#039;il s&#039;agisse d&#039;une r\u00e9union d&#039;affaires, diplomatique ou d&#039;une discussion en t\u00eate-\u00e0-t\u00eate, nos services d&#039;interpr\u00e9tation de liaison sont votre choix.\" \/>\n<meta property=\"og:url\" content=\"https:\/\/culturesconnection.ca\/liaison-interpreting-services\/\" \/>\n<meta property=\"og:site_name\" content=\"Cultures Connection - Canada\" \/>\n<meta property=\"article:publisher\" content=\"https:\/\/www.facebook.com\/CulturesConnection\" \/>\n<meta property=\"article:modified_time\" content=\"2023-07-14T15:17:34+00:00\" \/>\n<meta name=\"twitter:card\" content=\"summary_large_image\" \/>\n<meta name=\"twitter:site\" content=\"@CulturesCo_\" \/>\n<meta name=\"twitter:label1\" content=\"Estimation du temps de lecture\" \/>\n\t<meta name=\"twitter:data1\" content=\"3 minutes\" \/>\n<script type=\"application\/ld+json\" class=\"yoast-schema-graph\">{\"@context\":\"https:\\\/\\\/schema.org\",\"@graph\":[{\"@type\":\"WebPage\",\"@id\":\"https:\\\/\\\/culturesconnection.ca\\\/liaison-interpreting-services\\\/\",\"url\":\"https:\\\/\\\/culturesconnection.ca\\\/liaison-interpreting-services\\\/\",\"name\":\"Services d'interpr\u00e9tation de liaison | Cultures Connection Canada\",\"isPartOf\":{\"@id\":\"https:\\\/\\\/culturesconnection.ca\\\/#website\"},\"datePublished\":\"2023-06-11T11:14:17+00:00\",\"dateModified\":\"2023-07-14T15:17:34+00:00\",\"description\":\"Qu'il s'agisse d'une r\u00e9union d'affaires, diplomatique ou d'une discussion en t\u00eate-\u00e0-t\u00eate, nos services d'interpr\u00e9tation de liaison sont votre choix.\",\"breadcrumb\":{\"@id\":\"https:\\\/\\\/culturesconnection.ca\\\/liaison-interpreting-services\\\/#breadcrumb\"},\"inLanguage\":\"fr-CA\",\"potentialAction\":[{\"@type\":\"ReadAction\",\"target\":[\"https:\\\/\\\/culturesconnection.ca\\\/liaison-interpreting-services\\\/\"]}]},{\"@type\":\"BreadcrumbList\",\"@id\":\"https:\\\/\\\/culturesconnection.ca\\\/liaison-interpreting-services\\\/#breadcrumb\",\"itemListElement\":[{\"@type\":\"ListItem\",\"position\":1,\"name\":\"Home\",\"item\":\"https:\\\/\\\/culturesconnection.ca\\\/fr\\\/\"},{\"@type\":\"ListItem\",\"position\":2,\"name\":\"Nos services d&#8217;interpr\u00e9tation de liaison\"}]},{\"@type\":\"WebSite\",\"@id\":\"https:\\\/\\\/culturesconnection.ca\\\/#website\",\"url\":\"https:\\\/\\\/culturesconnection.ca\\\/\",\"name\":\"Cultures Connection - Canada\",\"description\":\"Cultures Connection is a translation agency dedicated to the success of its international clients.\",\"publisher\":{\"@id\":\"https:\\\/\\\/culturesconnection.ca\\\/#organization\"},\"potentialAction\":[{\"@type\":\"SearchAction\",\"target\":{\"@type\":\"EntryPoint\",\"urlTemplate\":\"https:\\\/\\\/culturesconnection.ca\\\/?s={search_term_string}\"},\"query-input\":{\"@type\":\"PropertyValueSpecification\",\"valueRequired\":true,\"valueName\":\"search_term_string\"}}],\"inLanguage\":\"fr-CA\"},{\"@type\":\"Organization\",\"@id\":\"https:\\\/\\\/culturesconnection.ca\\\/#organization\",\"name\":\"Cultures Connection - Canada\",\"url\":\"https:\\\/\\\/culturesconnection.ca\\\/\",\"logo\":{\"@type\":\"ImageObject\",\"inLanguage\":\"fr-CA\",\"@id\":\"https:\\\/\\\/culturesconnection.ca\\\/#\\\/schema\\\/logo\\\/image\\\/\",\"url\":\"https:\\\/\\\/culturesconnection.ca\\\/wp-content\\\/uploads\\\/sites\\\/2\\\/2023\\\/09\\\/cropped-favicon512x512.png\",\"contentUrl\":\"https:\\\/\\\/culturesconnection.ca\\\/wp-content\\\/uploads\\\/sites\\\/2\\\/2023\\\/09\\\/cropped-favicon512x512.png\",\"width\":512,\"height\":512,\"caption\":\"Cultures Connection - Canada\"},\"image\":{\"@id\":\"https:\\\/\\\/culturesconnection.ca\\\/#\\\/schema\\\/logo\\\/image\\\/\"},\"sameAs\":[\"https:\\\/\\\/www.facebook.com\\\/CulturesConnection\",\"https:\\\/\\\/x.com\\\/CulturesCo_\"]}]}<\/script>\n<!-- \/ Yoast SEO Premium plugin. -->","yoast_head_json":{"title":"Services d'interpr\u00e9tation de liaison | Cultures Connection Canada","description":"Qu'il s'agisse d'une r\u00e9union d'affaires, diplomatique ou d'une discussion en t\u00eate-\u00e0-t\u00eate, nos services d'interpr\u00e9tation de liaison sont votre choix.","robots":{"index":"index","follow":"follow","max-snippet":"max-snippet:-1","max-image-preview":"max-image-preview:large","max-video-preview":"max-video-preview:-1"},"canonical":"https:\/\/culturesconnection.ca\/liaison-interpreting-services\/","og_locale":"fr_CA","og_type":"article","og_title":"Nos services d'interpr\u00e9tation de liaison","og_description":"Qu'il s'agisse d'une r\u00e9union d'affaires, diplomatique ou d'une discussion en t\u00eate-\u00e0-t\u00eate, nos services d'interpr\u00e9tation de liaison sont votre choix.","og_url":"https:\/\/culturesconnection.ca\/liaison-interpreting-services\/","og_site_name":"Cultures Connection - Canada","article_publisher":"https:\/\/www.facebook.com\/CulturesConnection","article_modified_time":"2023-07-14T15:17:34+00:00","twitter_card":"summary_large_image","twitter_site":"@CulturesCo_","twitter_misc":{"Estimation du temps de lecture":"3 minutes"},"schema":{"@context":"https:\/\/schema.org","@graph":[{"@type":"WebPage","@id":"https:\/\/culturesconnection.ca\/liaison-interpreting-services\/","url":"https:\/\/culturesconnection.ca\/liaison-interpreting-services\/","name":"Services d'interpr\u00e9tation de liaison | Cultures Connection Canada","isPartOf":{"@id":"https:\/\/culturesconnection.ca\/#website"},"datePublished":"2023-06-11T11:14:17+00:00","dateModified":"2023-07-14T15:17:34+00:00","description":"Qu'il s'agisse d'une r\u00e9union d'affaires, diplomatique ou d'une discussion en t\u00eate-\u00e0-t\u00eate, nos services d'interpr\u00e9tation de liaison sont votre choix.","breadcrumb":{"@id":"https:\/\/culturesconnection.ca\/liaison-interpreting-services\/#breadcrumb"},"inLanguage":"fr-CA","potentialAction":[{"@type":"ReadAction","target":["https:\/\/culturesconnection.ca\/liaison-interpreting-services\/"]}]},{"@type":"BreadcrumbList","@id":"https:\/\/culturesconnection.ca\/liaison-interpreting-services\/#breadcrumb","itemListElement":[{"@type":"ListItem","position":1,"name":"Home","item":"https:\/\/culturesconnection.ca\/fr\/"},{"@type":"ListItem","position":2,"name":"Nos services d&#8217;interpr\u00e9tation de liaison"}]},{"@type":"WebSite","@id":"https:\/\/culturesconnection.ca\/#website","url":"https:\/\/culturesconnection.ca\/","name":"Cultures Connection - Canada","description":"Cultures Connection is a translation agency dedicated to the success of its international clients.","publisher":{"@id":"https:\/\/culturesconnection.ca\/#organization"},"potentialAction":[{"@type":"SearchAction","target":{"@type":"EntryPoint","urlTemplate":"https:\/\/culturesconnection.ca\/?s={search_term_string}"},"query-input":{"@type":"PropertyValueSpecification","valueRequired":true,"valueName":"search_term_string"}}],"inLanguage":"fr-CA"},{"@type":"Organization","@id":"https:\/\/culturesconnection.ca\/#organization","name":"Cultures Connection - Canada","url":"https:\/\/culturesconnection.ca\/","logo":{"@type":"ImageObject","inLanguage":"fr-CA","@id":"https:\/\/culturesconnection.ca\/#\/schema\/logo\/image\/","url":"https:\/\/culturesconnection.ca\/wp-content\/uploads\/sites\/2\/2023\/09\/cropped-favicon512x512.png","contentUrl":"https:\/\/culturesconnection.ca\/wp-content\/uploads\/sites\/2\/2023\/09\/cropped-favicon512x512.png","width":512,"height":512,"caption":"Cultures Connection - Canada"},"image":{"@id":"https:\/\/culturesconnection.ca\/#\/schema\/logo\/image\/"},"sameAs":["https:\/\/www.facebook.com\/CulturesConnection","https:\/\/x.com\/CulturesCo_"]}]}},"_links":{"self":[{"href":"https:\/\/culturesconnection.ca\/fr\/wp-json\/wp\/v2\/pages\/7626","targetHints":{"allow":["GET"]}}],"collection":[{"href":"https:\/\/culturesconnection.ca\/fr\/wp-json\/wp\/v2\/pages"}],"about":[{"href":"https:\/\/culturesconnection.ca\/fr\/wp-json\/wp\/v2\/types\/page"}],"author":[{"embeddable":true,"href":"https:\/\/culturesconnection.ca\/fr\/wp-json\/wp\/v2\/users\/52"}],"replies":[{"embeddable":true,"href":"https:\/\/culturesconnection.ca\/fr\/wp-json\/wp\/v2\/comments?post=7626"}],"version-history":[{"count":0,"href":"https:\/\/culturesconnection.ca\/fr\/wp-json\/wp\/v2\/pages\/7626\/revisions"}],"wp:attachment":[{"href":"https:\/\/culturesconnection.ca\/fr\/wp-json\/wp\/v2\/media?parent=7626"}],"curies":[{"name":"wp","href":"https:\/\/api.w.org\/{rel}","templated":true}]}}