{"id":7634,"date":"2021-07-20T10:55:10","date_gmt":"2021-07-20T14:55:10","guid":{"rendered":"https:\/\/culturesconnection.ca\/?page_id=7634"},"modified":"2023-07-14T11:20:59","modified_gmt":"2023-07-14T15:20:59","slug":"services-interpretation-distance","status":"publish","type":"page","link":"https:\/\/culturesconnection.ca\/fr\/services-interpretation-distance\/","title":{"rendered":"Nos services d&rsquo;interpr\u00e9tation \u00e0 distance"},"content":{"rendered":"\n<h2 class=\"wp-block-heading\">Interpr\u00e9tation \u00e0 distance : \u00c9viter les probl\u00e8mes de d\u00e9placement et de logistique<\/h2>\n\n\n\n<p>\u00c9vitez la complexit\u00e9 des d\u00e9placements et de la logistique en optant pour des interpr\u00e8tes \u00e0 distance qui peuvent fournir une traduction en temps r\u00e9el de vos entretiens et pr\u00e9sentations, comme s&rsquo;ils \u00e9taient physiquement pr\u00e9sents. <a href=\"https:\/\/culturesconnection.ca\/fr\/\" class=\"ek-link\">Cultures Connection<\/a> offre une solution sans tracas avec le m\u00eame niveau de professionnalisme et d&rsquo;expertise que l&rsquo;interpr\u00e9tation en personne, garantissant ainsi des r\u00e9unions et des sessions professionnelles r\u00e9ussies et sans heurts.<\/p>\n\n\n\n<p>Le professionnalisme et l&rsquo;expertise sont essentiels dans les services d&rsquo;interpr\u00e9tation \u00e0 distance. Nos interpr\u00e8tes \u00e0 distance sont s\u00e9lectionn\u00e9s en fonction de leurs qualifications, de leurs comp\u00e9tences linguistiques, de leur expertise et de leur connaissance du secteur. Ils sont qualifi\u00e9s pour faciliter une communication efficace en interpr\u00e9tant avec pr\u00e9cision les mots prononc\u00e9s par les participants en temps r\u00e9el.<\/p>\n\n\n\n<p>Avec un vaste <a href=\"https:\/\/culturesconnection.ca\/fr\/traducteur-professionnel\/\" class=\"ek-link\">r\u00e9seau d&rsquo;interpr\u00e8tes couvrant pr\u00e8s de 80 langues<\/a>, nous privil\u00e9gions le secret professionnel et pouvons signer des accords de confidentialit\u00e9 sur demande.<\/p>\n\n\n\n<h2 class=\"wp-block-heading\">Nos services d&rsquo;interpr\u00e9tation vid\u00e9o \u00e0 distance<\/h2>\n\n\n\n<p>Les services professionnels d&rsquo;interpr\u00e9tation vid\u00e9o \u00e0 distance (VRI) permettent l&rsquo;interpr\u00e9tation en temps r\u00e9el de la langue parl\u00e9e par le biais d&rsquo;une plateforme de vid\u00e9oconf\u00e9rence. Cette technologie permet \u00e0 des participants situ\u00e9s dans des lieux diff\u00e9rents de communiquer efficacement gr\u00e2ce \u00e0 des interpr\u00e8tes \u00e0 distance qui facilitent les conversations multilingues. Du Canada au monde entier.<\/p>\n\n\n\n<p>L&rsquo;interpr\u00e9tation \u00e0 distance par vid\u00e9o offre plusieurs avantages. Tout d&rsquo;abord, elle \u00e9limine la n\u00e9cessit\u00e9 d&rsquo;une pr\u00e9sence physique, ce qui en fait une solution pratique et rentable. Les d\u00e9placements et l&rsquo;h\u00e9bergement des interpr\u00e8tes ne sont plus n\u00e9cessaires, ce qui r\u00e9duit les complexit\u00e9s logistiques et les d\u00e9penses. En outre, il s&rsquo;agit d&rsquo;un moyen souple et efficace d&rsquo;entrer en contact avec des interpr\u00e8tes de diff\u00e9rentes paires de langues et de diff\u00e9rentes comp\u00e9tences, quelle que soit leur situation g\u00e9ographique.<\/p>\n\n\n\n<p>Pour garantir une communication et une confidentialit\u00e9 optimales, des plateformes internet d\u00e9di\u00e9es dot\u00e9es d&rsquo;une technologie avanc\u00e9e sont utilis\u00e9es pour l&rsquo;interpr\u00e9tation vid\u00e9o \u00e0 distance. Ces plateformes offrent des capacit\u00e9s de vid\u00e9oconf\u00e9rence s\u00e9curis\u00e9es et de haute qualit\u00e9, cr\u00e9ant ainsi un environnement num\u00e9rique confidentiel pour les \u00e9changes multilingues. Les participants peuvent se joindre \u00e0 la vid\u00e9oconf\u00e9rence \u00e0 l&rsquo;aide de leur ordinateur, d&rsquo;un casque ou d&rsquo;\u00e9couteurs et d&rsquo;une connexion internet stable.<\/p>\n\n\n\n<p>Une technologie de pointe, des interpr\u00e8tes qualifi\u00e9s et des plateformes s\u00e9curis\u00e9es pour faciliter l&rsquo;interpr\u00e9tation en temps r\u00e9el de mani\u00e8re pratique et rentable. Cultures Connection peut fournir \u00e0 ses clients un service d&rsquo;interpr\u00e9tation vid\u00e9o \u00e0 distance personnalis\u00e9 pour r\u00e9pondre parfaitement \u00e0 leurs attentes.<\/p>\n\n\n\n<h2 class=\"wp-block-heading\">Nos services d&rsquo;interpr\u00e9tation par t\u00e9l\u00e9phone<\/h2>\n\n\n\n<p>Les services professionnels d&rsquo;interpr\u00e9tation par t\u00e9l\u00e9phone (OPI) permettent l&rsquo;interpr\u00e9tation en temps r\u00e9el de la langue parl\u00e9e par le biais d&rsquo;une communication t\u00e9l\u00e9phonique. Cette forme d&rsquo;interpr\u00e9tation permet \u00e0 des personnes parlant des langues diff\u00e9rentes d&rsquo;engager des conversations avec l&rsquo;aide d&rsquo;interpr\u00e8tes \u00e0 distance.<\/p>\n\n\n\n<p>L&rsquo;interpr\u00e9tation par t\u00e9l\u00e9phone pr\u00e9sente plusieurs avantages. Il s&rsquo;agit d&rsquo;une solution pratique et efficace, en particulier pour les r\u00e9unions ou les entretiens limit\u00e9s dans le temps qui n\u00e9cessitent une interpr\u00e9tation imm\u00e9diate. Elle \u00e9limine la n\u00e9cessit\u00e9 d&rsquo;une pr\u00e9sence physique, ce qui r\u00e9duit les complexit\u00e9s logistiques et les d\u00e9penses li\u00e9es aux d\u00e9placements et \u00e0 l&rsquo;h\u00e9bergement des interpr\u00e8tes.<\/p>\n\n\n\n<p>L&rsquo;interpr\u00e9tation par t\u00e9l\u00e9phone n\u00e9cessite un \u00e9quipement minimal et est facilement accessible \u00e0 partir d&rsquo;un t\u00e9l\u00e9phone ou d&rsquo;un appareil mobile dot\u00e9 de capacit\u00e9s audio. Il s&rsquo;agit d&rsquo;une solution flexible qui peut \u00eatre utilis\u00e9e dans diff\u00e9rents contextes, notamment lors de r\u00e9unions d&rsquo;affaires, d&rsquo;interactions avec des clients, d&rsquo;entretiens, de consultations m\u00e9dicales et de proc\u00e9dures judiciaires.<\/p>\n\n\n\n<p>Lors d&rsquo;une session d&rsquo;interpr\u00e9tation par t\u00e9l\u00e9phone, les participants engagent une conversation pendant que l&rsquo;interpr\u00e8te \u00e9coute les paroles de l&rsquo;orateur et fournit une interpr\u00e9tation dans la langue cible. L&rsquo;interpr\u00e8te s&rsquo;efforce de transmettre avec pr\u00e9cision le sens, le ton et les nuances de la conversation, assurant ainsi une communication efficace entre toutes les parties concern\u00e9es.<\/p>\n\n\n\n<p>Les services professionnels d&rsquo;interpr\u00e9tation par t\u00e9l\u00e9phone accordent la priorit\u00e9 \u00e0 la confidentialit\u00e9 et adh\u00e8rent \u00e0 des r\u00e8gles \u00e9thiques strictes. Les interpr\u00e8tes respectent le secret professionnel et peuvent signer des accords de confidentialit\u00e9 sur demande, garantissant la confidentialit\u00e9 et la s\u00e9curit\u00e9 des informations sensibles \u00e9chang\u00e9es au cours de la session d&rsquo;interpr\u00e9tation.<\/p>\n\n\n\n<p>Cultures Connection offre commodit\u00e9, flexibilit\u00e9 et acc\u00e8s imm\u00e9diat \u00e0 des experts qualifi\u00e9s pour les services d&rsquo;interpr\u00e9tation par t\u00e9l\u00e9phone, garantissant une interpr\u00e9tation pr\u00e9cise et \u00e9liminant les barri\u00e8res linguistiques dans divers contextes professionnels.<\/p>\n\n\n\n<p>Choisissez le <a href=\"https:\/\/culturesconnection.ca\/fr\/services-interpretation\/\" class=\"ek-link\">type d&rsquo;interpr\u00e9tation<\/a> qui correspond aux besoins sp\u00e9cifiques de votre r\u00e9union ou de votre \u00e9v\u00e9nement.<\/p>\n","protected":false},"excerpt":{"rendered":"<p>Interpr\u00e9tation \u00e0 distance : \u00c9viter les probl\u00e8mes de d\u00e9placement et de logistique \u00c9vitez la complexit\u00e9 des d\u00e9placements et de la logistique en optant pour des [&#8230;]<\/p>\n<p><a class=\"btn btn-secondary understrap-read-more-link\" href=\"https:\/\/culturesconnection.ca\/fr\/services-interpretation-distance\/\">Read More&#8230;<span class=\"screen-reader-text\"> from Nos services d&rsquo;interpr\u00e9tation \u00e0 distance<\/span><\/a><\/p>\n","protected":false},"author":52,"featured_media":0,"parent":0,"menu_order":0,"comment_status":"closed","ping_status":"closed","template":"","meta":{"_acf_changed":false,"_editorskit_title_hidden":false,"_editorskit_reading_time":0,"_editorskit_is_block_options_detached":false,"_editorskit_block_options_position":"{}","footnotes":""},"class_list":["post-7634","page","type-page","status-publish","hentry"],"acf":[],"_links":{"self":[{"href":"https:\/\/culturesconnection.ca\/fr\/wp-json\/wp\/v2\/pages\/7634","targetHints":{"allow":["GET"]}}],"collection":[{"href":"https:\/\/culturesconnection.ca\/fr\/wp-json\/wp\/v2\/pages"}],"about":[{"href":"https:\/\/culturesconnection.ca\/fr\/wp-json\/wp\/v2\/types\/page"}],"author":[{"embeddable":true,"href":"https:\/\/culturesconnection.ca\/fr\/wp-json\/wp\/v2\/users\/52"}],"replies":[{"embeddable":true,"href":"https:\/\/culturesconnection.ca\/fr\/wp-json\/wp\/v2\/comments?post=7634"}],"version-history":[{"count":0,"href":"https:\/\/culturesconnection.ca\/fr\/wp-json\/wp\/v2\/pages\/7634\/revisions"}],"wp:attachment":[{"href":"https:\/\/culturesconnection.ca\/fr\/wp-json\/wp\/v2\/media?parent=7634"}],"curies":[{"name":"wp","href":"https:\/\/api.w.org\/{rel}","templated":true}]}}