{"id":7635,"date":"2015-06-29T12:34:07","date_gmt":"2015-06-29T16:34:07","guid":{"rendered":"https:\/\/culturesconnection.ca\/?page_id=7635"},"modified":"2023-12-24T14:31:32","modified_gmt":"2023-12-24T19:31:32","slug":"services-redaction-seo","status":"publish","type":"page","link":"https:\/\/culturesconnection.ca\/fr\/services-redaction-seo\/","title":{"rendered":"Nos services de r\u00e9daction SEO"},"content":{"rendered":"\n<h2 class=\"wp-block-heading\" id=\"h-redaction-web-ameliorer-l-experience-utilisateur\">R\u00e9daction Web : Am\u00e9liorer l&rsquo;exp\u00e9rience utilisateur<\/h2>\n\n\n\n<p>Avec la r\u00e9volution Internet, le nombre croissant de sites web et l&rsquo;essor des r\u00e9seaux sociaux, les internautes lisent et partagent chaque jour des millions de sites web. Les contenus web sont omnipr\u00e9sents : articles de blog, actualit\u00e9s, descriptions de produits, communiqu\u00e9s de presse, textes touristiques. Face \u00e0 ce vaste choix de contenus, il est \u00e9vident qu&rsquo;une r\u00e9daction de qualit\u00e9 a plus de chances d&rsquo;attirer l&rsquo;attention du lecteur et de la conserver.<\/p>\n\n\n\n<p>Forte de son exp\u00e9rience dans le domaine de la r\u00e9daction de contenu web, <a href=\"https:\/\/culturesconnection.ca\/fr\/\" class=\"ek-link\">Cultures Connection<\/a> dispose de r\u00e9dacteurs web pr\u00eats \u00e0 am\u00e9liorer l&rsquo;image de votre entreprise gr\u00e2ce \u00e0 des contenus multim\u00e9dias. Nous vous garantissons un contenu unique et sans d\u00e9tournement de contenu. <a href=\"https:\/\/culturesconnection.ca\/fr\/traducteur-professionnel\/\" class=\"ek-link\">Tous nos r\u00e9dacteurs<\/a> font l&rsquo;objet d&rsquo;une s\u00e9lection rigoureuse et sont des sp\u00e9cialistes dans leur domaine.<\/p>\n\n\n\n<p>Nous garantissons la livraison d&rsquo;un contenu unique sans avoir recours au \u00ab\u00a0content spinning\u00a0\u00bb. Nos r\u00e9dacteurs sont soumis \u00e0 un processus de s\u00e9lection rigoureux et sont sp\u00e9cialis\u00e9s dans leurs domaines respectifs.<\/p>\n\n\n\n<h2 class=\"wp-block-heading\" id=\"h-un-service-unique-pour-optimiser-votre-contenu-web\">Un service unique pour optimiser votre contenu Web<\/h2>\n\n\n\n<p>Le r\u00f4le d&rsquo;un r\u00e9dacteur web est de r\u00e9diger des textes pertinents et de qualit\u00e9 qui r\u00e9pondent aux besoins des internautes tout en respectant les crit\u00e8res de positionnement algorithmiques des moteurs de recherche en constante \u00e9volution.<\/p>\n\n\n\n<p>L&rsquo;optimisation du contenu de votre site web requiert une expertise professionnelle, car il s&rsquo;agit d&rsquo;une profession sp\u00e9cialis\u00e9e qui exige de la pr\u00e9cision :<\/p>\n\n\n\n<ul class=\"wp-block-list\">\n<li>Une communication claire et convaincante : R\u00e9diger un contenu persuasif et concis qui communique efficacement le message de votre marque, en utilisant un langage attrayant, des titres convaincants et des paragraphes bien structur\u00e9s.<\/li>\n\n\n\n<li>Approche centr\u00e9e sur l&rsquo;utilisateur : Comprendre l&rsquo;importance de r\u00e9pondre aux besoins et aux attentes du public cible, en menant des recherches pour mieux conna\u00eetre la population cible, ses pr\u00e9f\u00e9rences et ses points faibles.<\/li>\n\n\n\n<li>R\u00e9cit et attrait \u00e9motionnel : Cr\u00e9er un lien \u00e9motionnel avec les lecteurs, en utilisant des anecdotes, des t\u00e9moignages ou des sc\u00e9narios racontables.<\/li>\n\n\n\n<li>Des appels \u00e0 l&rsquo;action (CTA) convaincants : Guider les utilisateurs vers les actions souhait\u00e9es en utilisant un langage et un positionnement persuasifs pour encourager les utilisateurs \u00e0 prendre des mesures sp\u00e9cifiques, telles que faire un achat, s&rsquo;abonner \u00e0 une lettre d&rsquo;information ou contacter l&rsquo;entreprise.<\/li>\n\n\n\n<li>Int\u00e9gration de l&rsquo;optimisation des moteurs de recherche (SEO) : Stimuler le trafic organique et accro\u00eetre l&rsquo;engagement des utilisateurs en incorporant des mots cl\u00e9s pertinents et en structurant le contenu de mani\u00e8re \u00e0 respecter les meilleures pratiques en mati\u00e8re de r\u00e9f\u00e9rencement.<\/li>\n\n\n\n<li>Coh\u00e9rence et voix de la marque : renforcer l&rsquo;identit\u00e9 et les valeurs de l&rsquo;entreprise en garantissant un ton, un style et un message sur l&rsquo;ensemble du site web.<\/li>\n\n\n\n<li>Formatage et lisibilit\u00e9 : Pr\u00eater attention \u00e0 la mise en forme et \u00e0 l&rsquo;attrait visuel du contenu, en utilisant des sous-titres, des puces et des paragraphes qui d\u00e9coupent le texte et am\u00e9liorent la lisibilit\u00e9.<\/li>\n<\/ul>\n\n\n\n<p>Cultures Connection travaille avec des r\u00e9dacteurs professionnels qui ont de l&rsquo;exp\u00e9rience dans une grande vari\u00e9t\u00e9 de domaines, qui sont experts en SEO et qui ont une formation universitaire en communication et en traduction.<\/p>\n\n\n\n<h2 class=\"wp-block-heading\" id=\"h-referencement-multilingue-un-coup-de-pouce-pour-votre-site-web\">R\u00e9f\u00e9rencement multilingue : Un coup de pouce pour votre site web<\/h2>\n\n\n\n<p>Cultures Connection propose des services de r\u00e9daction de contenu web pour les principales plateformes de gestion de contenu : WPML, Joomla, Magento ou PrestaShop. Nous pouvons \u00e9galement travailler directement \u00e0 partir du code HTML du site ou dans des formats texte comme Word, Power Point ou Excel.<\/p>\n\n\n\n<p>Pour am\u00e9liorer la visibilit\u00e9 de votre site web, son classement dans les moteurs de recherche et l&rsquo;engagement des utilisateurs, afin de g\u00e9n\u00e9rer plus de trafic et d&rsquo;accro\u00eetre votre pr\u00e9sence en ligne, nous proposons les services de r\u00e9f\u00e9rencement suivants :<\/p>\n\n\n\n<ul class=\"wp-block-list\">\n<li>Optimisation des m\u00e9tabalises : Nous cr\u00e9ons ou modifions les balises telles que le titre, les m\u00e9ta-descriptions, les en-t\u00eates H1, et plus encore sur les pages HTML de votre site web. Cette optimisation am\u00e9liore votre classement dans les r\u00e9sultats des moteurs de recherche, augmentant ainsi votre visibilit\u00e9 et attirant plus de visiteurs.<\/li>\n\n\n\n<li>Strat\u00e9gie de cr\u00e9ation de liens : Nos experts identifient et acqui\u00e8rent des backlinks, c&rsquo;est-\u00e0-dire des liens externes d&rsquo;autres sites web vers le v\u00f4tre. Ces backlinks sont soigneusement s\u00e9lectionn\u00e9s pour accro\u00eetre la popularit\u00e9 de votre site web et am\u00e9liorer son classement dans les moteurs de recherche.<\/li>\n\n\n\n<li>R\u00e9daction SEO : Nos r\u00e9dacteurs qualifi\u00e9s produisent un contenu localis\u00e9 et adapt\u00e9 au r\u00e9f\u00e9rencement pour votre site web. En incorporant des mots-cl\u00e9s pertinents et en optimisant la structure du contenu, nous nous assurons que votre site Web attire un trafic organique et communique efficacement avec votre public cible.<\/li>\n\n\n\n<li><a href=\"https:\/\/culturesconnection.ca\/fr\/seo-multilingue-traduction-seo\/\" class=\"ek-link\">Traduction SEO :<\/a> Nos experts en r\u00e9f\u00e9rencement identifient les principaux mots-cl\u00e9s de votre activit\u00e9 sur votre march\u00e9 cible et fournissent aux traducteurs un glossaire d&rsquo;expressions \u00e0 utiliser en priorit\u00e9.<\/li>\n<\/ul>\n","protected":false},"excerpt":{"rendered":"<p>R\u00e9daction Web : Am\u00e9liorer l&rsquo;exp\u00e9rience utilisateur Avec la r\u00e9volution Internet, le nombre croissant de sites web et l&rsquo;essor des r\u00e9seaux sociaux, les internautes lisent et [&#8230;]<\/p>\n<p><a class=\"btn btn-secondary understrap-read-more-link\" href=\"https:\/\/culturesconnection.ca\/fr\/services-redaction-seo\/\">Read More&#8230;<span class=\"screen-reader-text\"> from Nos services de r\u00e9daction SEO<\/span><\/a><\/p>\n","protected":false},"author":52,"featured_media":0,"parent":0,"menu_order":0,"comment_status":"closed","ping_status":"closed","template":"","meta":{"_acf_changed":false,"_editorskit_title_hidden":false,"_editorskit_reading_time":0,"_editorskit_is_block_options_detached":false,"_editorskit_block_options_position":"{}","footnotes":""},"class_list":["post-7635","page","type-page","status-publish","hentry"],"acf":[],"_links":{"self":[{"href":"https:\/\/culturesconnection.ca\/fr\/wp-json\/wp\/v2\/pages\/7635","targetHints":{"allow":["GET"]}}],"collection":[{"href":"https:\/\/culturesconnection.ca\/fr\/wp-json\/wp\/v2\/pages"}],"about":[{"href":"https:\/\/culturesconnection.ca\/fr\/wp-json\/wp\/v2\/types\/page"}],"author":[{"embeddable":true,"href":"https:\/\/culturesconnection.ca\/fr\/wp-json\/wp\/v2\/users\/52"}],"replies":[{"embeddable":true,"href":"https:\/\/culturesconnection.ca\/fr\/wp-json\/wp\/v2\/comments?post=7635"}],"version-history":[{"count":0,"href":"https:\/\/culturesconnection.ca\/fr\/wp-json\/wp\/v2\/pages\/7635\/revisions"}],"wp:attachment":[{"href":"https:\/\/culturesconnection.ca\/fr\/wp-json\/wp\/v2\/media?parent=7635"}],"curies":[{"name":"wp","href":"https:\/\/api.w.org\/{rel}","templated":true}]}}