{"id":7640,"date":"2023-06-10T09:32:44","date_gmt":"2023-06-10T13:32:44","guid":{"rendered":"https:\/\/culturesconnection.ca\/?page_id=7640"},"modified":"2024-11-19T07:30:52","modified_gmt":"2024-11-19T12:30:52","slug":"services-traduction-jeux-video","status":"publish","type":"page","link":"https:\/\/culturesconnection.ca\/fr\/services-traduction-jeux-video\/","title":{"rendered":"Nos services de traduction de jeux vid\u00e9o"},"content":{"rendered":"\n<h2 class=\"wp-block-heading\">Traduction de jeux vid\u00e9o : La localisation au service de l&rsquo;exp\u00e9rience utilisateur<\/h2>\n\n\n\n<p>Chez <a href=\"https:\/\/culturesconnection.ca\/fr\/\" class=\"ek-link\">Cultures Connection<\/a>, nous sommes tr\u00e8s fiers d&rsquo;offrir une exp\u00e9rience utilisateur in\u00e9gal\u00e9e gr\u00e2ce \u00e0 nos services de localisation de jeux vid\u00e9o.<\/p>\n\n\n\n<p>Qu&rsquo;il s&rsquo;agisse de s&rsquo;adresser \u00e0 des joueurs japonais ou \u00e0 des passionn\u00e9s fran\u00e7ais, nous veillons \u00e0 ce que chaque joueur b\u00e9n\u00e9ficie d&rsquo;une exp\u00e9rience de jeu adapt\u00e9e \u00e0 sa langue et \u00e0 ses pr\u00e9f\u00e9rences culturelles. Contrairement aux id\u00e9es re\u00e7ues, la localisation de jeux vid\u00e9o va bien au-del\u00e0 d&rsquo;une simple traduction. Elle n\u00e9cessite une adaptation m\u00e9ticuleuse du produit \u00e0 la langue, aux r\u00e9f\u00e9rences culturelles, au sens originel, \u00e0 la longueur du texte et au contexte du march\u00e9 cible. Dans le monde dynamique des jeux vid\u00e9o, cela s&rsquo;\u00e9tend aux \u00e9l\u00e9ments visuels tels que les dialogues, les sous-titres, les menus, les indicateurs, les inventaires, les instructions et m\u00eame les supports de communication tels que les g\u00e9n\u00e9riques, les manuels d&rsquo;utilisation et les communiqu\u00e9s de presse.<\/p>\n\n\n\n<p>Le processus de localisation du contenu des jeux vid\u00e9o, qu&rsquo;il s&rsquo;agisse d&rsquo;aventures pleines d&rsquo;action ou de simulations \u00e9ducatives, exige une attention m\u00e9ticuleuse aux d\u00e9tails. Les traducteurs de jeux vid\u00e9o jouent un r\u00f4le crucial en transmettant les informations essentielles aux joueurs en temps voulu, ce qui permet une jouabilit\u00e9 sans faille. La traduction de jeux vid\u00e9o permet \u00e9galement d&rsquo;\u00e9largir la base d&rsquo;utilisateurs en introduisant le jeu dans divers pays du monde.<\/p>\n\n\n\n<h2 class=\"wp-block-heading\">Lien vital pour la traduction de jeux vid\u00e9o<\/h2>\n\n\n\n<p>Cultures Connection s&rsquo;est aventur\u00e9e dans le domaine de la localisation de jeux vid\u00e9o gr\u00e2ce \u00e0 sa grande expertise en mati\u00e8re de services de traduction, d&rsquo;interpr\u00e9tation et de sous-titrage.<\/p>\n\n\n\n<p>Notre pr\u00e9sence au Canada, combin\u00e9e \u00e0 des heures d&rsquo;ouverture \u00e9tendues, nous permet d&rsquo;exploiter <a href=\"https:\/\/culturesconnection.ca\/fr\/traducteur-professionnel\/\" class=\"ek-link\">un vaste r\u00e9seau de traducteurs<\/a> qui poss\u00e8dent des connaissances et une exp\u00e9rience approfondies en mati\u00e8re de traduction de jeux vid\u00e9o. Nous s\u00e9lectionnons soigneusement les membres de notre \u00e9quipe en fonction de leurs qualifications, de leur exp\u00e9rience et, surtout, de leur passion pour les jeux vid\u00e9o. Ils ont collabor\u00e9 avec des entreprises leaders de l&rsquo;industrie du jeu vid\u00e9o et se tiennent au courant des derni\u00e8res techniques de traduction utilis\u00e9es dans ce secteur.<\/p>\n\n\n\n<p>En tant qu&rsquo;agence de traduction sp\u00e9cialis\u00e9e dans la localisation de jeux vid\u00e9o, nous servons de lien vital entre les traducteurs et les d\u00e9veloppeurs. Nos chefs de projet et nos testeurs travaillent en \u00e9troite collaboration avec les traducteurs, leur apportent leur soutien, r\u00e9pondent \u00e0 leurs questions et veillent au respect des d\u00e9lais de livraison. Une fois la traduction du jeu termin\u00e9e, nous v\u00e9rifions m\u00e9ticuleusement la coh\u00e9rence du texte final avec la version originale gr\u00e2ce \u00e0 nos processus rigoureux de contr\u00f4le de la qualit\u00e9.<\/p>\n\n\n\n<h2 class=\"wp-block-heading\">Des services de traduction de jeux vid\u00e9o m\u00e9ticuleux<\/h2>\n\n\n\n<p>De la traduction des textes, dialogues et instructions du jeu \u00e0 l&rsquo;adaptation des graphismes et des interfaces utilisateur, Cultures Connection veille \u00e0 ce que l&rsquo;exp\u00e9rience de jeu reste authentique et agr\u00e9able au-del\u00e0 des barri\u00e8res linguistiques.<\/p>\n\n\n\n<p>Nous proposons une <a href=\"https:\/\/culturesconnection.ca\/fr\/services-de-traduction\/\" class=\"ek-link\">gamme compl\u00e8te de services de traduction<\/a> afin d&rsquo;optimiser l&rsquo;exp\u00e9rience utilisateur du joueur :<\/p>\n\n\n\n<ul class=\"wp-block-list\">\n<li>Des traductions pr\u00e9cises : Nos traducteurs qualifi\u00e9s sont sp\u00e9cialis\u00e9s dans l&rsquo;industrie du jeu, ce qui garantit des traductions pr\u00e9cises et adapt\u00e9es au contexte qui restent fid\u00e8les au contenu original.<\/li>\n\n\n\n<li>Adaptation culturelle : Nous allons au-del\u00e0 de la traduction en prenant en compte les nuances culturelles et en adaptant les \u00e9l\u00e9ments du jeu pour qu&rsquo;ils trouvent un \u00e9cho aupr\u00e8s des joueurs de diff\u00e9rentes r\u00e9gions.<\/li>\n\n\n\n<li>Exp\u00e9rience utilisateur transparente : Nos experts en localisation veillent \u00e0 ce que l&rsquo;interface utilisateur, les menus et les instructions s&rsquo;int\u00e8grent parfaitement \u00e0 l&rsquo;environnement de jeu, offrant ainsi aux joueurs une exp\u00e9rience de jeu fluide et intuitive.<\/li>\n\n\n\n<li>Assurance qualit\u00e9 : Des contr\u00f4les de qualit\u00e9 rigoureux sont effectu\u00e9s \u00e0 chaque \u00e9tape du processus de localisation afin de garantir les normes les plus \u00e9lev\u00e9es en mati\u00e8re de pr\u00e9cision, de coh\u00e9rence et d&rsquo;int\u00e9grit\u00e9 linguistique.<\/li>\n<\/ul>\n\n\n\n<p>Outre la localisation et la traduction de jeux vid\u00e9o, nous proposons les services suivants :<\/p>\n\n\n\n<ul class=\"wp-block-list\">\n<li>Gestion de projet<\/li>\n\n\n\n<li>Traduction de jeux vid\u00e9o<\/li>\n\n\n\n<li>Localisation de jeux vid\u00e9o<\/li>\n\n\n\n<li>Sous-titrage<\/li>\n\n\n\n<li>Enregistrement et doublage<\/li>\n\n\n\n<li>Assurance qualit\u00e9 (QA)<\/li>\n<\/ul>\n\n\n\n<p>Faites \u00e9quipe avec nous pour lib\u00e9rer tout le potentiel de vos jeux vid\u00e9o et captiver un public mondial. Donnez une nouvelle dimension \u00e0 votre exp\u00e9rience de jeu.<\/p>\n","protected":false},"excerpt":{"rendered":"<p>Traduction de jeux vid\u00e9o : La localisation au service de l&rsquo;exp\u00e9rience utilisateur Chez Cultures Connection, nous sommes tr\u00e8s fiers d&rsquo;offrir une exp\u00e9rience utilisateur in\u00e9gal\u00e9e gr\u00e2ce [&#8230;]<\/p>\n<p><a class=\"btn btn-secondary understrap-read-more-link\" href=\"https:\/\/culturesconnection.ca\/fr\/services-traduction-jeux-video\/\">Read More&#8230;<span class=\"screen-reader-text\"> from Nos services de traduction de jeux vid\u00e9o<\/span><\/a><\/p>\n","protected":false},"author":52,"featured_media":0,"parent":0,"menu_order":0,"comment_status":"closed","ping_status":"closed","template":"","meta":{"_acf_changed":false,"_editorskit_title_hidden":false,"_editorskit_reading_time":0,"_editorskit_is_block_options_detached":false,"_editorskit_block_options_position":"{}","footnotes":""},"class_list":["post-7640","page","type-page","status-publish","hentry"],"acf":[],"_links":{"self":[{"href":"https:\/\/culturesconnection.ca\/fr\/wp-json\/wp\/v2\/pages\/7640","targetHints":{"allow":["GET"]}}],"collection":[{"href":"https:\/\/culturesconnection.ca\/fr\/wp-json\/wp\/v2\/pages"}],"about":[{"href":"https:\/\/culturesconnection.ca\/fr\/wp-json\/wp\/v2\/types\/page"}],"author":[{"embeddable":true,"href":"https:\/\/culturesconnection.ca\/fr\/wp-json\/wp\/v2\/users\/52"}],"replies":[{"embeddable":true,"href":"https:\/\/culturesconnection.ca\/fr\/wp-json\/wp\/v2\/comments?post=7640"}],"version-history":[{"count":0,"href":"https:\/\/culturesconnection.ca\/fr\/wp-json\/wp\/v2\/pages\/7640\/revisions"}],"wp:attachment":[{"href":"https:\/\/culturesconnection.ca\/fr\/wp-json\/wp\/v2\/media?parent=7640"}],"curies":[{"name":"wp","href":"https:\/\/api.w.org\/{rel}","templated":true}]}}